{"id":4280,"date":"2022-04-21T20:45:49","date_gmt":"2022-04-21T20:45:49","guid":{"rendered":"http:\/\/atmavidya.org.in\/?page_id=4280"},"modified":"2024-02-07T17:45:10","modified_gmt":"2024-02-07T17:45:10","slug":"atma-vidya-team-pt","status":"publish","type":"page","link":"https:\/\/atmavidya.in\/?page_id=4280","title":{"rendered":"Equipe \u0100tma Vidy\u0101"},"content":{"rendered":"\t\t<div data-elementor-type=\"wp-page\" data-elementor-id=\"4280\" class=\"elementor elementor-4280\" data-elementor-post-type=\"page\">\n\t\t\t\t\t\t<section class=\"elementor-section elementor-top-section elementor-element elementor-element-7db7500 elementor-section-boxed elementor-section-height-default elementor-section-height-default\" data-id=\"7db7500\" data-element_type=\"section\">\n\t\t\t\t\t\t<div class=\"elementor-container elementor-column-gap-default\">\n\t\t\t\t\t<div class=\"elementor-column elementor-col-100 elementor-top-column elementor-element elementor-element-cfa5872\" data-id=\"cfa5872\" data-element_type=\"column\">\n\t\t\t<div class=\"elementor-widget-wrap elementor-element-populated\">\n\t\t\t\t\t\t<div class=\"elementor-element elementor-element-8eb3dc7 elementor-widget elementor-widget-text-editor\" data-id=\"8eb3dc7\" data-element_type=\"widget\" data-widget_type=\"text-editor.default\">\n\t\t\t\t<div class=\"elementor-widget-container\">\n\t\t\t\t\t\t\t\t\t<div style=\"color: #a20000; font-size: 36px;\" align=\"centre\">Equipe \u0100tma Vidy\u0101<\/div>\t\t\t\t\t\t\t\t<\/div>\n\t\t\t\t<\/div>\n\t\t\t\t\t<\/div>\n\t\t<\/div>\n\t\t\t\t\t<\/div>\n\t\t<\/section>\n\t\t\t\t<section class=\"elementor-section elementor-top-section elementor-element elementor-element-ed01246 elementor-section-boxed elementor-section-height-default elementor-section-height-default\" data-id=\"ed01246\" data-element_type=\"section\">\n\t\t\t\t\t\t<div class=\"elementor-container elementor-column-gap-default\">\n\t\t\t\t\t<div class=\"elementor-column elementor-col-100 elementor-top-column elementor-element elementor-element-5bf249ad\" data-id=\"5bf249ad\" data-element_type=\"column\">\n\t\t\t<div class=\"elementor-widget-wrap elementor-element-populated\">\n\t\t\t\t\t\t<div class=\"elementor-element elementor-element-5ab483ab elementor-widget elementor-widget-image\" data-id=\"5ab483ab\" data-element_type=\"widget\" data-widget_type=\"image.default\">\n\t\t\t\t<div class=\"elementor-widget-container\">\n\t\t\t\t\t\t\t\t\t\t\t\t\t\t\t<img fetchpriority=\"high\" decoding=\"async\" width=\"969\" height=\"351\" src=\"https:\/\/atmavidya.in\/wp-content\/uploads\/2022\/02\/team-pix.jpg\" class=\"attachment-full size-full wp-image-2905\" alt=\"\" \/>\t\t\t\t\t\t\t\t\t\t\t\t\t\t\t<\/div>\n\t\t\t\t<\/div>\n\t\t\t\t<div class=\"elementor-element elementor-element-39a4cafb quotesign elementor-widget elementor-widget-text-editor\" data-id=\"39a4cafb\" data-element_type=\"widget\" data-widget_type=\"text-editor.default\">\n\t\t\t\t<div class=\"elementor-widget-container\">\n\t\t\t\t\t\t\t\t\t<h3>\u201cS\u00e1bio \u00e9 aquele que \u00e9 feliz por si mesmo e por causa de si mesmo.\u201c<\/h3>\n<em>&#8211; Swami Dayananda Saraswati &#8211;<\/em>\t\t\t\t\t\t\t\t<\/div>\n\t\t\t\t<\/div>\n\t\t\t\t\t<\/div>\n\t\t<\/div>\n\t\t\t\t\t<\/div>\n\t\t<\/section>\n\t\t\t\t<section class=\"elementor-section elementor-top-section elementor-element elementor-element-f78d2b1 elementor-section-boxed elementor-section-height-default elementor-section-height-default\" data-id=\"f78d2b1\" data-element_type=\"section\" data-settings=\"{&quot;background_background&quot;:&quot;classic&quot;}\">\n\t\t\t\t\t\t<div class=\"elementor-container elementor-column-gap-default\">\n\t\t\t\t\t<div class=\"elementor-column elementor-col-100 elementor-top-column elementor-element elementor-element-43762cbe\" data-id=\"43762cbe\" data-element_type=\"column\">\n\t\t\t<div class=\"elementor-widget-wrap elementor-element-populated\">\n\t\t\t\t\t\t<section class=\"elementor-section elementor-inner-section elementor-element elementor-element-26b4c46 elementor-section-boxed elementor-section-height-default elementor-section-height-default\" data-id=\"26b4c46\" data-element_type=\"section\">\n\t\t\t\t\t\t<div class=\"elementor-container elementor-column-gap-default\">\n\t\t\t\t\t<div class=\"elementor-column elementor-col-50 elementor-inner-column elementor-element elementor-element-02328bc\" data-id=\"02328bc\" data-element_type=\"column\">\n\t\t\t<div class=\"elementor-widget-wrap elementor-element-populated\">\n\t\t\t\t\t\t<div class=\"elementor-element elementor-element-8763587 elementor-widget elementor-widget-image\" data-id=\"8763587\" data-element_type=\"widget\" data-widget_type=\"image.default\">\n\t\t\t\t<div class=\"elementor-widget-container\">\n\t\t\t\t\t\t\t\t\t\t\t\t\t\t\t<img decoding=\"async\" width=\"200\" height=\"225\" src=\"https:\/\/atmavidya.in\/wp-content\/uploads\/2024\/02\/sonia-novaes-2024.jpg\" class=\"attachment-large size-large wp-image-7468\" alt=\"\" \/>\t\t\t\t\t\t\t\t\t\t\t\t\t\t\t<\/div>\n\t\t\t\t<\/div>\n\t\t\t\t<div class=\"elementor-element elementor-element-5cb713d elementor-widget elementor-widget-text-editor\" data-id=\"5cb713d\" data-element_type=\"widget\" data-widget_type=\"text-editor.default\">\n\t\t\t\t<div class=\"elementor-widget-container\">\n\t\t\t\t\t\t\t\t\tSonia Novaes<br class=\"\" \/><span style=\"color: #a20000; font-size: 15px;\">Fundadora do \u0100tma Vidy\u0101<\/span>\t\t\t\t\t\t\t\t<\/div>\n\t\t\t\t<\/div>\n\t\t\t\t\t<\/div>\n\t\t<\/div>\n\t\t\t\t<div class=\"elementor-column elementor-col-50 elementor-inner-column elementor-element elementor-element-b175f52\" data-id=\"b175f52\" data-element_type=\"column\">\n\t\t\t<div class=\"elementor-widget-wrap elementor-element-populated\">\n\t\t\t\t\t\t<div class=\"elementor-element elementor-element-991f214 elementor-widget elementor-widget-text-editor\" data-id=\"991f214\" data-element_type=\"widget\" data-widget_type=\"text-editor.default\">\n\t\t\t\t<div class=\"elementor-widget-container\">\n\t\t\t\t\t\t\t\t\tSonia Novaes \u00e9 professora e diretora do \u0100tma Vidy\u0101, seu amor pela tradi\u00e7\u00e3o v\u00e9dica come\u00e7ou cedo, buscando encontrar uma compreens\u00e3o mais profunda de si, do mundo e de Deus. Ela iniciou seus estudos de Ved\u0101nta em 2000, com SwamiVagishananda. Graduou-se em Filosofia pela PUC-Campinas e decidiu aprofundar-se no estudo de Ved\u0101nta.\n<div style=\"height: 25px;\"><\/div>\nEm 2003, ela foi para Rishikesh para participar de um curso residencial de 3 anos e meio sobre Ved\u0101nta, S\u00e2nscrito e Mantras com Pujya Swami Dayananda e Swami Brahmavidyananda. Desde ent\u00e3o, ela fez da \u00cdndia sua casa, onde mora h\u00e1 18 anos.\n<div style=\"height: 25px;\"><\/div>\nHoje Sonia mora em Auroville, em Tamil Nadu, na \u00cdndia, com o marido e dois filhos. Ela dedica a vida \u00e0 sua fam\u00edlia e aos estudos e ensinamentos de Ved\u0101nta, S\u00e2nscrito, Mantras e cultura indiana na \u00cdndia, Brasil e ao redor do mundo.\t\t\t\t\t\t\t\t<\/div>\n\t\t\t\t<\/div>\n\t\t\t\t\t<\/div>\n\t\t<\/div>\n\t\t\t\t\t<\/div>\n\t\t<\/section>\n\t\t\t\t\t<\/div>\n\t\t<\/div>\n\t\t\t\t\t<\/div>\n\t\t<\/section>\n\t\t\t\t<section class=\"elementor-section elementor-top-section elementor-element elementor-element-2dedf503 elementor-section-boxed elementor-section-height-default elementor-section-height-default\" data-id=\"2dedf503\" data-element_type=\"section\">\n\t\t\t\t\t\t<div class=\"elementor-container elementor-column-gap-default\">\n\t\t\t\t\t<div class=\"elementor-column elementor-col-100 elementor-top-column elementor-element elementor-element-3daf3f28\" data-id=\"3daf3f28\" data-element_type=\"column\">\n\t\t\t<div class=\"elementor-widget-wrap elementor-element-populated\">\n\t\t\t\t\t\t<div class=\"elementor-element elementor-element-1bfba208 elementor-widget elementor-widget-image\" data-id=\"1bfba208\" data-element_type=\"widget\" data-widget_type=\"image.default\">\n\t\t\t\t<div class=\"elementor-widget-container\">\n\t\t\t\t\t\t\t\t\t\t\t\t\t\t\t<img decoding=\"async\" width=\"140\" height=\"34\" src=\"https:\/\/atmavidya.in\/wp-content\/uploads\/2022\/02\/divider-icon.jpg\" class=\"attachment-large size-large wp-image-2629\" alt=\"\" \/>\t\t\t\t\t\t\t\t\t\t\t\t\t\t\t<\/div>\n\t\t\t\t<\/div>\n\t\t\t\t\t<\/div>\n\t\t<\/div>\n\t\t\t\t\t<\/div>\n\t\t<\/section>\n\t\t\t\t<section class=\"elementor-section elementor-top-section elementor-element elementor-element-3f34d1c elementor-section-boxed elementor-section-height-default elementor-section-height-default\" data-id=\"3f34d1c\" data-element_type=\"section\" data-settings=\"{&quot;background_background&quot;:&quot;classic&quot;}\">\n\t\t\t\t\t\t<div class=\"elementor-container elementor-column-gap-default\">\n\t\t\t\t\t<div class=\"elementor-column elementor-col-100 elementor-top-column elementor-element elementor-element-d7c9f9c\" data-id=\"d7c9f9c\" data-element_type=\"column\">\n\t\t\t<div class=\"elementor-widget-wrap elementor-element-populated\">\n\t\t\t\t\t\t<section class=\"elementor-section elementor-inner-section elementor-element elementor-element-ad28a08 elementor-section-boxed elementor-section-height-default elementor-section-height-default\" data-id=\"ad28a08\" data-element_type=\"section\">\n\t\t\t\t\t\t<div class=\"elementor-container elementor-column-gap-default\">\n\t\t\t\t\t<div class=\"elementor-column elementor-col-50 elementor-inner-column elementor-element elementor-element-3e55a28\" data-id=\"3e55a28\" data-element_type=\"column\">\n\t\t\t<div class=\"elementor-widget-wrap elementor-element-populated\">\n\t\t\t\t\t\t<div class=\"elementor-element elementor-element-3176a94 elementor-widget elementor-widget-image\" data-id=\"3176a94\" data-element_type=\"widget\" data-widget_type=\"image.default\">\n\t\t\t\t<div class=\"elementor-widget-container\">\n\t\t\t\t\t\t\t\t\t\t\t\t\t\t\t<img loading=\"lazy\" decoding=\"async\" width=\"200\" height=\"225\" src=\"https:\/\/atmavidya.in\/wp-content\/uploads\/2024\/02\/maline-ribeiro-2024.jpg\" class=\"attachment-large size-large wp-image-7470\" alt=\"\" \/>\t\t\t\t\t\t\t\t\t\t\t\t\t\t\t<\/div>\n\t\t\t\t<\/div>\n\t\t\t\t<div class=\"elementor-element elementor-element-90f1a93 prgagr elementor-widget elementor-widget-text-editor\" data-id=\"90f1a93\" data-element_type=\"widget\" data-widget_type=\"text-editor.default\">\n\t\t\t\t<div class=\"elementor-widget-container\">\n\t\t\t\t\t\t\t\t\tMaline Ribeiro<br class=\"\" \/><span style=\"color: #a20000; font-size: 15px;\">Professora no \u0100tma Vidy\u0101<\/span>\t\t\t\t\t\t\t\t<\/div>\n\t\t\t\t<\/div>\n\t\t\t\t\t<\/div>\n\t\t<\/div>\n\t\t\t\t<div class=\"elementor-column elementor-col-50 elementor-inner-column elementor-element elementor-element-34c9c52\" data-id=\"34c9c52\" data-element_type=\"column\">\n\t\t\t<div class=\"elementor-widget-wrap elementor-element-populated\">\n\t\t\t\t\t\t<div class=\"elementor-element elementor-element-1ae4b77 elementor-widget elementor-widget-text-editor\" data-id=\"1ae4b77\" data-element_type=\"widget\" data-widget_type=\"text-editor.default\">\n\t\t\t\t<div class=\"elementor-widget-container\">\n\t\t\t\t\t\t\t\t\tMaline Ribeiro \u00e9 estudante de <em>Ved<\/em><em>\u0101nta<\/em>, professora de Yoga, arquiteta e brasileira.\n<div style=\"height: 20px;\"><\/div>\nDurante a gradua\u00e7\u00e3o em Arquitetura e Urbanismo na cidade de S\u00e3o Paulo, passando por longas horas de tr\u00e2nsito e transporte p\u00fablico, sentiu surgirem questionamentos sobre o sentido da vida e sobre o dilema humano com rela\u00e7\u00e3o aos sentimentos de limita\u00e7\u00e3o e insatisfa\u00e7\u00e3o. Por sorte ou gra\u00e7a, a resposta n\u00e3o tardou a vir, Maline teve seu primeiro contato com o <em>Ved<\/em><em>\u0101nta<\/em> no mundo do Yoga, enquanto realizava sua forma\u00e7\u00e3o livre em Hatha Yoga pela Humaniversidade Hol\u00edstica, que concluiu em 2017.\n<div style=\"height: 20px;\"><\/div>\nPosteriormente, continuou seus estudos de <em>Ved<\/em><em>\u0101nta<\/em> com aulas gravadas e aulas online, at\u00e9 acontecer a oportunidade de vir para a \u00cdndia.\n<div style=\"height: 20px;\"><\/div>\nPercebendo que aquilo que se apresentava como solu\u00e7\u00e3o para seus questionamentos era a verdade que o <em>Ved<\/em><em>\u0101nta<\/em> se prop\u00f5e a revelar, em fevereiro de 2018 participou dos <em>camps<\/em> de <em>Ved<\/em><em>\u0101nta<\/em> no <em>Arsha Vidya Pitham<\/em>, em Rishkesh. Em setembro do mesmo ano, mergulhou no curso de 108 dias sobre os textos <em>Tattva Bodha\u1e25<\/em> e <em>Bhagavad G<\/em><em>\u012bt\u0101<\/em>. Em 2019,seguiu para o curso residencial de 3 anos de <em>Ved<\/em><em>\u0101nta<\/em>, S\u00e2nscrito e canto de Mantras no <em>Arsha Vidya Gurukulam<\/em>, em Anaikatti, sob os ensinamentos do Swami Sadatmananda Saraswati.\t\t\t\t\t\t\t\t<\/div>\n\t\t\t\t<\/div>\n\t\t\t\t\t<\/div>\n\t\t<\/div>\n\t\t\t\t\t<\/div>\n\t\t<\/section>\n\t\t\t\t\t<\/div>\n\t\t<\/div>\n\t\t\t\t\t<\/div>\n\t\t<\/section>\n\t\t\t\t<section class=\"elementor-section elementor-top-section elementor-element elementor-element-e890011 elementor-section-boxed elementor-section-height-default elementor-section-height-default\" data-id=\"e890011\" data-element_type=\"section\">\n\t\t\t\t\t\t<div class=\"elementor-container elementor-column-gap-default\">\n\t\t\t\t\t<div class=\"elementor-column elementor-col-100 elementor-top-column elementor-element elementor-element-d01de48\" data-id=\"d01de48\" data-element_type=\"column\">\n\t\t\t<div class=\"elementor-widget-wrap elementor-element-populated\">\n\t\t\t\t\t\t<div class=\"elementor-element elementor-element-134f965 elementor-widget elementor-widget-image\" data-id=\"134f965\" data-element_type=\"widget\" data-widget_type=\"image.default\">\n\t\t\t\t<div class=\"elementor-widget-container\">\n\t\t\t\t\t\t\t\t\t\t\t\t\t\t\t<img decoding=\"async\" width=\"140\" height=\"34\" src=\"https:\/\/atmavidya.in\/wp-content\/uploads\/2022\/02\/divider-icon.jpg\" class=\"attachment-large size-large wp-image-2629\" alt=\"\" \/>\t\t\t\t\t\t\t\t\t\t\t\t\t\t\t<\/div>\n\t\t\t\t<\/div>\n\t\t\t\t\t<\/div>\n\t\t<\/div>\n\t\t\t\t\t<\/div>\n\t\t<\/section>\n\t\t\t\t<section class=\"elementor-section elementor-top-section elementor-element elementor-element-f954b7f elementor-section-boxed elementor-section-height-default elementor-section-height-default\" data-id=\"f954b7f\" data-element_type=\"section\" data-settings=\"{&quot;background_background&quot;:&quot;classic&quot;}\">\n\t\t\t\t\t\t<div class=\"elementor-container elementor-column-gap-default\">\n\t\t\t\t\t<div class=\"elementor-column elementor-col-100 elementor-top-column elementor-element elementor-element-a490e0a\" data-id=\"a490e0a\" data-element_type=\"column\">\n\t\t\t<div class=\"elementor-widget-wrap elementor-element-populated\">\n\t\t\t\t\t\t<section class=\"elementor-section elementor-inner-section elementor-element elementor-element-11cc2b0 elementor-section-boxed elementor-section-height-default elementor-section-height-default\" data-id=\"11cc2b0\" data-element_type=\"section\">\n\t\t\t\t\t\t<div class=\"elementor-container elementor-column-gap-default\">\n\t\t\t\t\t<div class=\"elementor-column elementor-col-50 elementor-inner-column elementor-element elementor-element-f12fae5\" data-id=\"f12fae5\" data-element_type=\"column\">\n\t\t\t<div class=\"elementor-widget-wrap elementor-element-populated\">\n\t\t\t\t\t\t<div class=\"elementor-element elementor-element-bc3fb0b elementor-widget elementor-widget-image\" data-id=\"bc3fb0b\" data-element_type=\"widget\" data-widget_type=\"image.default\">\n\t\t\t\t<div class=\"elementor-widget-container\">\n\t\t\t\t\t\t\t\t\t\t\t\t\t\t\t<img loading=\"lazy\" decoding=\"async\" width=\"200\" height=\"225\" src=\"https:\/\/atmavidya.in\/wp-content\/uploads\/2024\/02\/miriam-barros.jpg\" class=\"attachment-large size-large wp-image-7471\" alt=\"\" \/>\t\t\t\t\t\t\t\t\t\t\t\t\t\t\t<\/div>\n\t\t\t\t<\/div>\n\t\t\t\t<div class=\"elementor-element elementor-element-e673a75 elementor-widget elementor-widget-text-editor\" data-id=\"e673a75\" data-element_type=\"widget\" data-widget_type=\"text-editor.default\">\n\t\t\t\t<div class=\"elementor-widget-container\">\n\t\t\t\t\t\t\t\t\tMiriam Barros<br class=\"\" \/><span style=\"color: #a20000; font-size: 15px;\">Tradu\u00e7\u00e3o e revis\u00e3o<\/span>\t\t\t\t\t\t\t\t<\/div>\n\t\t\t\t<\/div>\n\t\t\t\t\t<\/div>\n\t\t<\/div>\n\t\t\t\t<div class=\"elementor-column elementor-col-50 elementor-inner-column elementor-element elementor-element-1044e89\" data-id=\"1044e89\" data-element_type=\"column\">\n\t\t\t<div class=\"elementor-widget-wrap elementor-element-populated\">\n\t\t\t\t\t\t<div class=\"elementor-element elementor-element-00b413e elementor-widget elementor-widget-text-editor\" data-id=\"00b413e\" data-element_type=\"widget\" data-widget_type=\"text-editor.default\">\n\t\t\t\t<div class=\"elementor-widget-container\">\n\t\t\t\t\t\t\t\t\tMiriam Regina Xavier de Barros \u00e9 praticante de Yoga desde 2003. Formou-se instrutora pelo Instituto Isvara, em Campinas, e pelo IEPY \u2013 Instituto de Pesquisa e Estudos em Yoga, em S\u00e3o Paulo. Realizou a forma\u00e7\u00e3o em Yoga Terapia Hormonal, com a professora Dinah Rodrigues e concluiu a especializa\u00e7\u00e3o em Yogaterapia pelo Instituto de Yogaterapia de Campinas.\n<div style=\"height: 20px;\"><\/div>\nEstuda S\u00e2nscrito, Ved\u0101nta e canto de Mantras desde 2008, tendo feito aulas com Sonia Novaes, Paula Ornellas, Cecilia Muzetti e Gloria Arieira.\n<div style=\"height: 20px;\"><\/div>\nDedica-se ao estudo dos efeitos terap\u00eauticos de Mudras desde 2001, que conheceu atrav\u00e9s da pr\u00e1tica do Jin Shin Jyutsu.\n<div style=\"height: 20px;\"><\/div>\nAtualmente ensina Hatha Yoga Tradicional, Yoga Terapia Hormonal, Mudras Terap\u00eauticos, T\u00e9cnicas de Medita\u00e7\u00e3o e M\u00e9todos Naturais para a Melhoria da Vis\u00e3o na \u2018Padma Yoga e Terapias\u2019, em Sousas, Campinas.\n<div style=\"height: 20px;\"><\/div>\nAtualmente ensina Hatha Yoga Tradicional, Yoga Terapia Hormonal, Mudras Terap\u00eauticos, T\u00e9cnicas de Medita\u00e7\u00e3o e M\u00e9todos Naturais para a Melhoria da Vis\u00e3o, na Padma Yoga e Terapias, em Sousas &#8211; Campinas.\n<div style=\"height: 20px;\"><\/div>\nMiriam \u00e9 formada em F\u00edsica pela USP, com Doutorado em \u00d3ptica pela UNICAMP. Trabalhou com pesquisa na \u00e1rea de \u00d3ptica durante 25 anos e com gerenciamento de projetos durante 7 anos.\t\t\t\t\t\t\t\t<\/div>\n\t\t\t\t<\/div>\n\t\t\t\t\t<\/div>\n\t\t<\/div>\n\t\t\t\t\t<\/div>\n\t\t<\/section>\n\t\t\t\t\t<\/div>\n\t\t<\/div>\n\t\t\t\t\t<\/div>\n\t\t<\/section>\n\t\t\t\t<section class=\"elementor-section elementor-top-section elementor-element elementor-element-6363c7a elementor-section-boxed elementor-section-height-default elementor-section-height-default\" data-id=\"6363c7a\" data-element_type=\"section\">\n\t\t\t\t\t\t<div class=\"elementor-container elementor-column-gap-default\">\n\t\t\t\t\t<div class=\"elementor-column elementor-col-100 elementor-top-column elementor-element elementor-element-efb834b\" data-id=\"efb834b\" data-element_type=\"column\">\n\t\t\t<div class=\"elementor-widget-wrap elementor-element-populated\">\n\t\t\t\t\t\t<div class=\"elementor-element elementor-element-9650283 elementor-widget elementor-widget-image\" data-id=\"9650283\" data-element_type=\"widget\" data-widget_type=\"image.default\">\n\t\t\t\t<div class=\"elementor-widget-container\">\n\t\t\t\t\t\t\t\t\t\t\t\t\t\t\t<img decoding=\"async\" width=\"140\" height=\"34\" src=\"https:\/\/atmavidya.in\/wp-content\/uploads\/2022\/02\/divider-icon.jpg\" class=\"attachment-large size-large wp-image-2629\" alt=\"\" \/>\t\t\t\t\t\t\t\t\t\t\t\t\t\t\t<\/div>\n\t\t\t\t<\/div>\n\t\t\t\t\t<\/div>\n\t\t<\/div>\n\t\t\t\t\t<\/div>\n\t\t<\/section>\n\t\t\t\t<section class=\"elementor-section elementor-top-section elementor-element elementor-element-367c6e7 elementor-section-boxed elementor-section-height-default elementor-section-height-default\" data-id=\"367c6e7\" data-element_type=\"section\" data-settings=\"{&quot;background_background&quot;:&quot;classic&quot;}\">\n\t\t\t\t\t\t<div class=\"elementor-container elementor-column-gap-default\">\n\t\t\t\t\t<div class=\"elementor-column elementor-col-100 elementor-top-column elementor-element elementor-element-4f90cdc\" data-id=\"4f90cdc\" data-element_type=\"column\">\n\t\t\t<div class=\"elementor-widget-wrap elementor-element-populated\">\n\t\t\t\t\t\t<section class=\"elementor-section elementor-inner-section elementor-element elementor-element-a36a8bb elementor-section-boxed elementor-section-height-default elementor-section-height-default\" data-id=\"a36a8bb\" data-element_type=\"section\">\n\t\t\t\t\t\t<div class=\"elementor-container elementor-column-gap-default\">\n\t\t\t\t\t<div class=\"elementor-column elementor-col-50 elementor-inner-column elementor-element elementor-element-b100ceb\" data-id=\"b100ceb\" data-element_type=\"column\">\n\t\t\t<div class=\"elementor-widget-wrap elementor-element-populated\">\n\t\t\t\t\t\t<div class=\"elementor-element elementor-element-3f263a5 elementor-widget elementor-widget-image\" data-id=\"3f263a5\" data-element_type=\"widget\" data-widget_type=\"image.default\">\n\t\t\t\t<div class=\"elementor-widget-container\">\n\t\t\t\t\t\t\t\t\t\t\t\t\t\t\t<img loading=\"lazy\" decoding=\"async\" width=\"200\" height=\"225\" src=\"https:\/\/atmavidya.in\/wp-content\/uploads\/2024\/02\/magali-gallello.jpg\" class=\"attachment-large size-large wp-image-7469\" alt=\"\" \/>\t\t\t\t\t\t\t\t\t\t\t\t\t\t\t<\/div>\n\t\t\t\t<\/div>\n\t\t\t\t<div class=\"elementor-element elementor-element-03abc31 elementor-widget elementor-widget-text-editor\" data-id=\"03abc31\" data-element_type=\"widget\" data-widget_type=\"text-editor.default\">\n\t\t\t\t<div class=\"elementor-widget-container\">\n\t\t\t\t\t\t\t\t\tMagali Gallello\n<br class=\"\"><span style=\"color: #a20000; font-size: 15px;\">Editorial e revis\u00e3o<\/span>\t\t\t\t\t\t\t\t<\/div>\n\t\t\t\t<\/div>\n\t\t\t\t\t<\/div>\n\t\t<\/div>\n\t\t\t\t<div class=\"elementor-column elementor-col-50 elementor-inner-column elementor-element elementor-element-286e582\" data-id=\"286e582\" data-element_type=\"column\">\n\t\t\t<div class=\"elementor-widget-wrap elementor-element-populated\">\n\t\t\t\t\t\t<div class=\"elementor-element elementor-element-60283c9 elementor-widget elementor-widget-text-editor\" data-id=\"60283c9\" data-element_type=\"widget\" data-widget_type=\"text-editor.default\">\n\t\t\t\t<div class=\"elementor-widget-container\">\n\t\t\t\t\t\t\t\t\tMagali Gallello \u00e9 instrutora de Yoga, palha\u00e7a hospitalar, redatora e revisora de textos, tendo estudado Direito, Teatro e Letras. O amor pelo Yoga e pelo Ved\u0101nta se revelou em uma aula de Introdu\u00e7\u00e3o \u00e0 Literatura e Cultura Indiana, no curso de Letras da USP, quando ouviu falar pela primeira vez sobre Kr\u1e63\u1e47a, Arjuna e Yoga.\n<div style=\"height: 20px;\"><\/div>\nA partir da\u00ed, em 2001,come\u00e7ou a praticar Yoga. Em 2008 fez a forma\u00e7\u00e3o em Ha\u1e6dha Yoga no Aruna, em S\u00e3o Paulo, com Anderson Allegro e Fernando Felipe, com quem viajou para a \u00cdndia, em 2009, ocasi\u00e3o em que p\u00f4de conhecer Pujya Swami Dayananda, em seus camps de Ved\u0101nta no Arsha Vidya Pitham, em Rishkesh, bem como encontrar a querida professora Sonia Novaes, que desde ent\u00e3o tem trazido muita luz e conhecimento para a sua vida.\n<div style=\"height: 20px;\"><\/div>\nDe volta a S\u00e3o Paulo, estudou Yoga Terapia, Yoga Pr\u00e9 e P\u00f3s-Natal e Yoga para Crian\u00e7as. Em 2010 foi morar na Inglaterra, onde continuou praticando e ensinando Yoga. Em 2012 mudou-se para Singapura, aprofundou os estudos em Yoga para Gestantes e para pessoas com mobilidade reduzida, depoisfez a forma\u00e7\u00e3o em Iyengar Yoga, na Mal\u00e1sia, com Nanda Kumar, e uma forma\u00e7\u00e3o mais extensiva em Medical Clowning.\n<div style=\"height: 20px;\"><\/div>\nAtualmente, trabalha com reda\u00e7\u00e3o e revis\u00e3o e tem procurado integrar algumas t\u00e9cnicas de yoga e de medical clowning para fins terap\u00eauticos. Estuda S\u00e2nscrito e Ved\u0101nta com Sonia Novaes.\t\t\t\t\t\t\t\t<\/div>\n\t\t\t\t<\/div>\n\t\t\t\t\t<\/div>\n\t\t<\/div>\n\t\t\t\t\t<\/div>\n\t\t<\/section>\n\t\t\t\t\t<\/div>\n\t\t<\/div>\n\t\t\t\t\t<\/div>\n\t\t<\/section>\n\t\t\t\t<\/div>\n\t\t","protected":false},"excerpt":{"rendered":"<p>Equipe \u0100tma Vidy\u0101 \u201cS\u00e1bio \u00e9 aquele que \u00e9 feliz por si mesmo e por causa de si mesmo.\u201c &#8211; Swami Dayananda Saraswati &#8211; Sonia NovaesFundadora&#8230;<\/p>\n","protected":false},"author":1,"featured_media":0,"parent":0,"menu_order":0,"comment_status":"closed","ping_status":"closed","template":"","meta":{"footnotes":""},"class_list":["post-4280","page","type-page","status-publish","hentry"],"_links":{"self":[{"href":"https:\/\/atmavidya.in\/index.php?rest_route=\/wp\/v2\/pages\/4280","targetHints":{"allow":["GET"]}}],"collection":[{"href":"https:\/\/atmavidya.in\/index.php?rest_route=\/wp\/v2\/pages"}],"about":[{"href":"https:\/\/atmavidya.in\/index.php?rest_route=\/wp\/v2\/types\/page"}],"author":[{"embeddable":true,"href":"https:\/\/atmavidya.in\/index.php?rest_route=\/wp\/v2\/users\/1"}],"replies":[{"embeddable":true,"href":"https:\/\/atmavidya.in\/index.php?rest_route=%2Fwp%2Fv2%2Fcomments&post=4280"}],"version-history":[{"count":62,"href":"https:\/\/atmavidya.in\/index.php?rest_route=\/wp\/v2\/pages\/4280\/revisions"}],"predecessor-version":[{"id":7495,"href":"https:\/\/atmavidya.in\/index.php?rest_route=\/wp\/v2\/pages\/4280\/revisions\/7495"}],"wp:attachment":[{"href":"https:\/\/atmavidya.in\/index.php?rest_route=%2Fwp%2Fv2%2Fmedia&parent=4280"}],"curies":[{"name":"wp","href":"https:\/\/api.w.org\/{rel}","templated":true}]}}