{"id":4288,"date":"2022-04-22T04:52:13","date_gmt":"2022-04-22T04:52:13","guid":{"rendered":"http:\/\/atmavidya.org.in\/?page_id=4288"},"modified":"2023-04-11T17:12:13","modified_gmt":"2023-04-11T17:12:13","slug":"festivais","status":"publish","type":"page","link":"https:\/\/atmavidya.in\/?page_id=4288","title":{"rendered":"Festivais"},"content":{"rendered":"\t\t<div data-elementor-type=\"wp-page\" data-elementor-id=\"4288\" class=\"elementor elementor-4288\" data-elementor-post-type=\"page\">\n\t\t\t\t\t\t<section class=\"elementor-section elementor-top-section elementor-element elementor-element-3be6962d elementor-section-boxed elementor-section-height-default elementor-section-height-default\" data-id=\"3be6962d\" data-element_type=\"section\">\n\t\t\t\t\t\t<div class=\"elementor-container elementor-column-gap-default\">\n\t\t\t\t\t<div class=\"elementor-column elementor-col-100 elementor-top-column elementor-element elementor-element-7381302f\" data-id=\"7381302f\" data-element_type=\"column\">\n\t\t\t<div class=\"elementor-widget-wrap elementor-element-populated\">\n\t\t\t\t\t\t<div class=\"elementor-element elementor-element-767a8262 elementor-widget elementor-widget-text-editor\" data-id=\"767a8262\" data-element_type=\"widget\" data-widget_type=\"text-editor.default\">\n\t\t\t\t<div class=\"elementor-widget-container\">\n\t\t\t\t\t\t\t\t\t<div style=\"color: #a20000; font-size: 36px;\" align=\"centre\"><strong>FESTIVAIS<\/strong><\/div>\t\t\t\t\t\t\t\t<\/div>\n\t\t\t\t<\/div>\n\t\t\t\t\t<\/div>\n\t\t<\/div>\n\t\t\t\t\t<\/div>\n\t\t<\/section>\n\t\t\t\t<section class=\"elementor-section elementor-top-section elementor-element elementor-element-5a2bf454 elementor-section-boxed elementor-section-height-default elementor-section-height-default\" data-id=\"5a2bf454\" data-element_type=\"section\">\n\t\t\t\t\t\t<div class=\"elementor-container elementor-column-gap-default\">\n\t\t\t\t\t<div class=\"elementor-column elementor-col-100 elementor-top-column elementor-element elementor-element-b0b2e29\" data-id=\"b0b2e29\" data-element_type=\"column\">\n\t\t\t<div class=\"elementor-widget-wrap elementor-element-populated\">\n\t\t\t\t\t\t<div class=\"elementor-element elementor-element-619965a1 elementor-widget elementor-widget-image\" data-id=\"619965a1\" data-element_type=\"widget\" data-widget_type=\"image.default\">\n\t\t\t\t<div class=\"elementor-widget-container\">\n\t\t\t\t\t\t\t\t\t\t\t\t\t\t\t<img fetchpriority=\"high\" decoding=\"async\" width=\"945\" height=\"345\" src=\"https:\/\/atmavidya.in\/wp-content\/uploads\/2022\/07\/festival-banner.jpg\" class=\"attachment-full size-full wp-image-4604\" alt=\"\" \/>\t\t\t\t\t\t\t\t\t\t\t\t\t\t\t<\/div>\n\t\t\t\t<\/div>\n\t\t\t\t\t<\/div>\n\t\t<\/div>\n\t\t\t\t\t<\/div>\n\t\t<\/section>\n\t\t\t\t<section class=\"elementor-section elementor-top-section elementor-element elementor-element-145ee2be elementor-section-boxed elementor-section-height-default elementor-section-height-default\" data-id=\"145ee2be\" data-element_type=\"section\">\n\t\t\t\t\t\t<div class=\"elementor-container elementor-column-gap-default\">\n\t\t\t\t\t<div class=\"elementor-column elementor-col-100 elementor-top-column elementor-element elementor-element-3d3e27ce\" data-id=\"3d3e27ce\" data-element_type=\"column\">\n\t\t\t<div class=\"elementor-widget-wrap elementor-element-populated\">\n\t\t\t\t\t\t<div class=\"elementor-element elementor-element-787f2288 elementor-widget elementor-widget-text-editor\" data-id=\"787f2288\" data-element_type=\"widget\" data-widget_type=\"text-editor.default\">\n\t\t\t\t<div class=\"elementor-widget-container\">\n\t\t\t\t\t\t\t\t\t<img decoding=\"async\" class=\"alignleft size-full wp-image-4605\" src=\"https:\/\/atmavidya.in\/wp-content\/uploads\/2023\/04\/puja-plate-2.jpg\" alt=\"\" width=\"220\" \/>\n\nA \u00cdndia tamb\u00e9m \u00e9 chamada de \u201cPu\u1e47ya Bh\u016bmi\u201d, \u00e9 uma M\u00e3e, uma terra onde o sagrado brota como sementes a cada segundo. A cultura, o estilo de vida \u00e9 projetado para garantir que o indiv\u00edduo n\u00e3o perca de foco a raz\u00e3o pela qual ele assumiu esse corpo f\u00edsico.\n<div style=\"height: 25px;\"><\/div>\nNa \u00cdndia temos muitas celebra\u00e7\u00f5es coloridas e bonitas que est\u00e3o sempre ligadas ao calend\u00e1rio lunar, marcando momentos auspiciosos onde invocamos gra\u00e7a, b\u00ean\u00e7\u00e3os e gratid\u00e3o por tudo o que recebemos na vida.\n<div style=\"height: 25px;\"><\/div>\nOs festivais variam de lugar para lugar, mas carregam o mesmo objetivo espiritual. Como um movimento de respira\u00e7\u00e3o, o p\u00edfano indiano acontece com um movimento m\u00e1gico de introspec\u00e7\u00e3o e extrovers\u00e3o em sintonia com a vida do indiv\u00edduo.\n<div style=\"height: 25px;\"><\/div>\nApresentamos a seguir uma lista e explica\u00e7\u00e3o dos principais festivais celebrados na \u00cdndia:\t\t\t\t\t\t\t\t<\/div>\n\t\t\t\t<\/div>\n\t\t\t\t\t<\/div>\n\t\t<\/div>\n\t\t\t\t\t<\/div>\n\t\t<\/section>\n\t\t\t\t<section class=\"elementor-section elementor-top-section elementor-element elementor-element-794093ba elementor-section-boxed elementor-section-height-default elementor-section-height-default\" data-id=\"794093ba\" data-element_type=\"section\">\n\t\t\t\t\t\t<div class=\"elementor-container elementor-column-gap-default\">\n\t\t\t\t\t<div class=\"elementor-column elementor-col-100 elementor-top-column elementor-element elementor-element-7137052d\" data-id=\"7137052d\" data-element_type=\"column\">\n\t\t\t<div class=\"elementor-widget-wrap elementor-element-populated\">\n\t\t\t\t\t\t<div class=\"elementor-element elementor-element-14d72dd elementor-widget elementor-widget-image\" data-id=\"14d72dd\" data-element_type=\"widget\" data-widget_type=\"image.default\">\n\t\t\t\t<div class=\"elementor-widget-container\">\n\t\t\t\t\t\t\t\t\t\t\t\t\t\t\t<img decoding=\"async\" width=\"140\" height=\"34\" src=\"https:\/\/atmavidya.in\/wp-content\/uploads\/2022\/02\/divider-icon.jpg\" class=\"attachment-large size-large wp-image-2629\" alt=\"\" \/>\t\t\t\t\t\t\t\t\t\t\t\t\t\t\t<\/div>\n\t\t\t\t<\/div>\n\t\t\t\t\t<\/div>\n\t\t<\/div>\n\t\t\t\t\t<\/div>\n\t\t<\/section>\n\t\t\t\t<section class=\"elementor-section elementor-top-section elementor-element elementor-element-0381150 elementor-section-boxed elementor-section-height-default elementor-section-height-default\" data-id=\"0381150\" data-element_type=\"section\">\n\t\t\t\t\t\t<div class=\"elementor-container elementor-column-gap-default\">\n\t\t\t\t\t<div class=\"elementor-column elementor-col-100 elementor-top-column elementor-element elementor-element-a532891\" data-id=\"a532891\" data-element_type=\"column\">\n\t\t\t<div class=\"elementor-widget-wrap elementor-element-populated\">\n\t\t\t\t\t\t<div class=\"elementor-element elementor-element-544babe elementor-widget elementor-widget-text-editor\" data-id=\"544babe\" data-element_type=\"widget\" data-widget_type=\"text-editor.default\">\n\t\t\t\t<div class=\"elementor-widget-container\">\n\t\t\t\t\t\t\t\t\t<div style=\"color: #a20000;\"><strong>Here we present a list and explanation of the main festivals celebrated in India<\/strong><\/div>\t\t\t\t\t\t\t\t<\/div>\n\t\t\t\t<\/div>\n\t\t\t\t\t<\/div>\n\t\t<\/div>\n\t\t\t\t\t<\/div>\n\t\t<\/section>\n\t\t\t\t<section class=\"elementor-section elementor-top-section elementor-element elementor-element-931b29c elementor-section-boxed elementor-section-height-default elementor-section-height-default\" data-id=\"931b29c\" data-element_type=\"section\">\n\t\t\t\t\t\t<div class=\"elementor-container elementor-column-gap-default\">\n\t\t\t\t\t<div class=\"elementor-column elementor-col-50 elementor-top-column elementor-element elementor-element-254389f7\" data-id=\"254389f7\" data-element_type=\"column\">\n\t\t\t<div class=\"elementor-widget-wrap elementor-element-populated\">\n\t\t\t\t\t\t<div class=\"elementor-element elementor-element-768836b2 elementor-widget elementor-widget-text-editor\" data-id=\"768836b2\" data-element_type=\"widget\" data-widget_type=\"text-editor.default\">\n\t\t\t\t<div class=\"elementor-widget-container\">\n\t\t\t\t\t\t\t\t\t<ol>\n \t<li><a style=\"color: #069;\" href=\"https:\/\/atmavidya.in\/festivais-makara-samkranti-pongal\" target=\"_blank\" rel=\"noopener\"><b>Makara Sa\u1e41kr\u0101nti (Pongal)<\/b><\/a>\u00a0\u2013 15\/01\/2023<\/li>\n \t<li><a style=\"color: #069;\" href=\"https:\/\/atmavidya.in\/festivais-mahasivaratri\"><strong>Mah\u0101\u015bivar\u0101tri<\/strong> <\/a>\u2013 18\/02\/2023<\/li>\n \t<li><strong>Holi <\/strong>\u2013 08\/03\/2023<\/li>\n \t<li><strong>R\u0101ma Navam\u012b<\/strong> \u2013 30\/03\/2023<\/li>\n \t<li><strong>Hanum\u0101n Jayant\u012b<\/strong> \u2013 06\/04\/2023<\/li>\n \t<li><a style=\"color: #069;\" href=\"https:\/\/atmavidya.in\/festivais-adi-sankaracarya-jayanti\"><strong>\u0100di \u015aa\u1e45kar\u0101c\u0101rya Jayant\u012b<\/strong><\/a> \u2013 25\/04\/2023<\/li>\n \t<li><a style=\"color: #069;\" href=\"https:\/\/atmavidya.in\/festivais-guru-purnima\"><strong>Guru Pu\u0304rn\u0323ima\u0304<\/strong> <\/a>\u2013 03\/07\/2023<\/li>\n \t<li><strong>Rak\u1e63\u0101 Bandhan<\/strong> \u2013 30\/08\/20223<\/li>\n<\/ol>\t\t\t\t\t\t\t\t<\/div>\n\t\t\t\t<\/div>\n\t\t\t\t\t<\/div>\n\t\t<\/div>\n\t\t\t\t<div class=\"elementor-column elementor-col-50 elementor-top-column elementor-element elementor-element-3cf941a\" data-id=\"3cf941a\" data-element_type=\"column\">\n\t\t\t<div class=\"elementor-widget-wrap elementor-element-populated\">\n\t\t\t\t\t\t<div class=\"elementor-element elementor-element-6db27fc2 elementor-widget elementor-widget-text-editor\" data-id=\"6db27fc2\" data-element_type=\"widget\" data-widget_type=\"text-editor.default\">\n\t\t\t\t<div class=\"elementor-widget-container\">\n\t\t\t\t\t\t\t\t\t<ol start=\"8\">\n \t<li><a style=\"color: #069;\" href=\"https:\/\/atmavidya.in\/festivais-sri-krishna-janmashtami\"><strong>K\u1e5b\u1e63\u1e47a Janm\u0101\u1e63\u1e6dami<\/strong> <\/a>\u2013 06\/09\/2023<\/li>\n \t<li><a style=\"color: #069;\" href=\"https:\/\/atmavidya.in\/festivais-ganesa-caturthi\"><strong>Gan\u0323e\u015ba Caturth\u012b<\/strong> <\/a>\u2013 19\/09\/2023<\/li>\n \t<li><strong><a style=\"color: #069;\" href=\"https:\/\/atmavidya.in\/festivais-navaratri\">Navar\u0101tri<\/a><\/strong> \u2013 15\/10\/2023 a 23\/10\/2023<\/li>\n \t<li><strong>Dussehra\/Da\u015bahar\u0101<\/strong><strong>\/Vijaya Da\u015bam<\/strong><strong>\u012b<\/strong> \u2013 24\/10\/2023<\/li>\n \t<li><a style=\"color: #069;\" href=\"https:\/\/atmavidya.in\/festivais-dipavali\"><strong>Di\u0304pa\u0304vali\u0304<\/strong> <\/a>\u2013 12\/11\/2023<\/li>\n \t<li><strong><a style=\"color: #069;\" href=\"https:\/\/atmavidya.in\/festivais-kartika-purnima\">Ka\u0304rtika Pu\u0304rn\u0323ima\u0304<\/a><\/strong> \u2013 27\/11\/2023<\/li>\n \t<li><strong><a style=\"color: #069;\" href=\"https:\/\/atmavidya.in\/festivais-gita-jayanti\">Gi\u0304ta\u0304 Jayanti\u0304<\/a><\/strong> \u2013 22\/12\/2023<\/li>\n<\/ol>\t\t\t\t\t\t\t\t<\/div>\n\t\t\t\t<\/div>\n\t\t\t\t\t<\/div>\n\t\t<\/div>\n\t\t\t\t\t<\/div>\n\t\t<\/section>\n\t\t\t\t<\/div>\n\t\t","protected":false},"excerpt":{"rendered":"<p>FESTIVAIS A \u00cdndia tamb\u00e9m \u00e9 chamada de \u201cPu\u1e47ya Bh\u016bmi\u201d, \u00e9 uma M\u00e3e, uma terra onde o sagrado brota como sementes a cada segundo. A cultura,&#8230;<\/p>\n","protected":false},"author":1,"featured_media":0,"parent":0,"menu_order":0,"comment_status":"closed","ping_status":"closed","template":"","meta":{"footnotes":""},"class_list":["post-4288","page","type-page","status-publish","hentry"],"_links":{"self":[{"href":"https:\/\/atmavidya.in\/index.php?rest_route=\/wp\/v2\/pages\/4288","targetHints":{"allow":["GET"]}}],"collection":[{"href":"https:\/\/atmavidya.in\/index.php?rest_route=\/wp\/v2\/pages"}],"about":[{"href":"https:\/\/atmavidya.in\/index.php?rest_route=\/wp\/v2\/types\/page"}],"author":[{"embeddable":true,"href":"https:\/\/atmavidya.in\/index.php?rest_route=\/wp\/v2\/users\/1"}],"replies":[{"embeddable":true,"href":"https:\/\/atmavidya.in\/index.php?rest_route=%2Fwp%2Fv2%2Fcomments&post=4288"}],"version-history":[{"count":61,"href":"https:\/\/atmavidya.in\/index.php?rest_route=\/wp\/v2\/pages\/4288\/revisions"}],"predecessor-version":[{"id":5559,"href":"https:\/\/atmavidya.in\/index.php?rest_route=\/wp\/v2\/pages\/4288\/revisions\/5559"}],"wp:attachment":[{"href":"https:\/\/atmavidya.in\/index.php?rest_route=%2Fwp%2Fv2%2Fmedia&parent=4288"}],"curies":[{"name":"wp","href":"https:\/\/api.w.org\/{rel}","templated":true}]}}