{"id":4296,"date":"2022-04-22T05:25:31","date_gmt":"2022-04-22T05:25:31","guid":{"rendered":"http:\/\/atmavidya.org.in\/?page_id=4296"},"modified":"2023-09-17T17:49:16","modified_gmt":"2023-09-17T17:49:16","slug":"introducao-a-gramatica","status":"publish","type":"page","link":"https:\/\/atmavidya.in\/?page_id=4296","title":{"rendered":"Introdu\u00e7\u00e3o \u00e0 Gram\u00e1tica"},"content":{"rendered":"\t\t<div data-elementor-type=\"wp-page\" data-elementor-id=\"4296\" class=\"elementor elementor-4296\" data-elementor-post-type=\"page\">\n\t\t\t\t\t\t<section class=\"elementor-section elementor-top-section elementor-element elementor-element-1770f351 elementor-section-boxed elementor-section-height-default elementor-section-height-default\" data-id=\"1770f351\" data-element_type=\"section\">\n\t\t\t\t\t\t<div class=\"elementor-container elementor-column-gap-default\">\n\t\t\t\t\t<div class=\"elementor-column elementor-col-100 elementor-top-column elementor-element elementor-element-6f577ff0\" data-id=\"6f577ff0\" data-element_type=\"column\">\n\t\t\t<div class=\"elementor-widget-wrap elementor-element-populated\">\n\t\t\t\t\t\t<div class=\"elementor-element elementor-element-6b59502b elementor-widget elementor-widget-text-editor\" data-id=\"6b59502b\" data-element_type=\"widget\" data-widget_type=\"text-editor.default\">\n\t\t\t\t<div class=\"elementor-widget-container\">\n\t\t\t\t\t\t\t\t\t<h2 style=\"font-size: 33px; color: #a20000; font-weight: 500;\"><span style=\"font-weight: normal;\">S\u00e2nscrito II &#8211; Introdu\u00e7\u00e3o \u00e0 Gram\u00e1tica<\/span><\/h2>\t\t\t\t\t\t\t\t<\/div>\n\t\t\t\t<\/div>\n\t\t\t\t\t<\/div>\n\t\t<\/div>\n\t\t\t\t\t<\/div>\n\t\t<\/section>\n\t\t\t\t<section class=\"elementor-section elementor-top-section elementor-element elementor-element-16726a8 elementor-section-boxed elementor-section-height-default elementor-section-height-default\" data-id=\"16726a8\" data-element_type=\"section\">\n\t\t\t\t\t\t<div class=\"elementor-container elementor-column-gap-default\">\n\t\t\t\t\t<div class=\"elementor-column elementor-col-100 elementor-top-column elementor-element elementor-element-2ae83a7c\" data-id=\"2ae83a7c\" data-element_type=\"column\">\n\t\t\t<div class=\"elementor-widget-wrap elementor-element-populated\">\n\t\t\t\t\t\t<div class=\"elementor-element elementor-element-201c96d2 elementor-widget elementor-widget-image\" data-id=\"201c96d2\" data-element_type=\"widget\" data-widget_type=\"image.default\">\n\t\t\t\t<div class=\"elementor-widget-container\">\n\t\t\t\t\t\t\t\t\t\t\t\t\t\t\t<img fetchpriority=\"high\" decoding=\"async\" width=\"945\" height=\"345\" src=\"https:\/\/atmavidya.in\/wp-content\/uploads\/2022\/02\/sanscrito2_w945.jpg\" class=\"attachment-full size-full wp-image-4024\" alt=\"\" \/>\t\t\t\t\t\t\t\t\t\t\t\t\t\t\t<\/div>\n\t\t\t\t<\/div>\n\t\t\t\t\t<\/div>\n\t\t<\/div>\n\t\t\t\t\t<\/div>\n\t\t<\/section>\n\t\t\t\t<section class=\"elementor-section elementor-top-section elementor-element elementor-element-c084227 elementor-section-boxed elementor-section-height-default elementor-section-height-default\" data-id=\"c084227\" data-element_type=\"section\">\n\t\t\t\t\t\t<div class=\"elementor-container elementor-column-gap-default\">\n\t\t\t\t\t<div class=\"elementor-column elementor-col-100 elementor-top-column elementor-element elementor-element-6324a2f\" data-id=\"6324a2f\" data-element_type=\"column\">\n\t\t\t<div class=\"elementor-widget-wrap elementor-element-populated\">\n\t\t\t\t\t\t<section class=\"elementor-section elementor-inner-section elementor-element elementor-element-180dd77 elementor-section-boxed elementor-section-height-default elementor-section-height-default\" data-id=\"180dd77\" data-element_type=\"section\">\n\t\t\t\t\t\t<div class=\"elementor-container elementor-column-gap-default\">\n\t\t\t\t\t<div class=\"elementor-column elementor-col-100 elementor-inner-column elementor-element elementor-element-4bb4866\" data-id=\"4bb4866\" data-element_type=\"column\">\n\t\t\t<div class=\"elementor-widget-wrap elementor-element-populated\">\n\t\t\t\t\t\t<div class=\"elementor-element elementor-element-7bfd565 nomrgbtm elementor-widget elementor-widget-text-editor\" data-id=\"7bfd565\" data-element_type=\"widget\" data-widget_type=\"text-editor.default\">\n\t\t\t\t<div class=\"elementor-widget-container\">\n\t\t\t\t\t\t\t\t\t<h3 style=\"color: #a20000;\">S\u00e2nscrito II &#8211; Introdu\u00e7\u00e3o \u00e0 Gram\u00e1tica<\/h3>\n<div class=\"sbheading\"><em>&#8220;Curso de S\u00e2nscrito &#8211; Introdu\u00e7\u00e3o \u00e0 Gram\u00e1tica&#8221;<\/em><\/div>\n<div>com Maline Ribeiro<\/div>\t\t\t\t\t\t\t\t<\/div>\n\t\t\t\t<\/div>\n\t\t\t\t\t<\/div>\n\t\t<\/div>\n\t\t\t\t\t<\/div>\n\t\t<\/section>\n\t\t\t\t<div class=\"elementor-element elementor-element-3c9382e prgagr elementor-widget elementor-widget-text-editor\" data-id=\"3c9382e\" data-element_type=\"widget\" data-widget_type=\"text-editor.default\">\n\t\t\t\t<div class=\"elementor-widget-container\">\n\t\t\t\t\t\t\t\t\tEste curso foi criado para todos aqueles que j\u00e1 foram alfabetizados em Devan\u0101gar\u012b e desejam mergulhar no estudo da l\u00edngua s\u00e2nscrita de forma met\u00f3dica e regular. As turmas s\u00e3o reduzidas e o foco est\u00e1 no aprendizado da gram\u00e1tica.\t\t\t\t\t\t\t\t<\/div>\n\t\t\t\t<\/div>\n\t\t\t\t<div class=\"elementor-element elementor-element-cc75092 prgagr elementor-widget elementor-widget-text-editor\" data-id=\"cc75092\" data-element_type=\"widget\" data-widget_type=\"text-editor.default\">\n\t\t\t\t<div class=\"elementor-widget-container\">\n\t\t\t\t\t\t\t\t\t<p><b>&#8211; Conte\u00fado &#8211;<\/b><\/p><div style=\"height: 3px;\">\u00a0<\/div><p><b>Conjuga\u00e7\u00e3o de Verbos<\/b> \u2013 Quarto Grupo (div\u0101di)<\/p><div style=\"height: 3px;\">\u00a0<\/div><p><b>Sexto Grupo<\/b> (tud\u0101di) e D\u00e9cimo Grupo (cur\u0101di)<\/p><div style=\"height: 3px;\">\u00a0<\/div><p><b>Regras de Combina\u00e7\u00e3o Fon\u00e9tica<\/b> \u2013 Sandhi<\/p><div style=\"height: 3px;\">\u00a0<\/div><p><b>Declina\u00e7\u00e3o de nomes<\/b> masculinos terminados em &#8216;i&#8217; e &#8216;u&#8217;<\/p><div style=\"height: 3px;\">\u00a0<\/div><p><b>Usos do terceiro caso<\/b> \u2013 Instrumental<\/p><div style=\"height: 3px;\">\u00a0<\/div><p><b>Usos do quarto caso<\/b> \u2013 Dativo<\/p><div style=\"height: 3px;\">\u00a0<\/div><p><b>Usos do quinto caso<\/b> \u2013 Ablativo<\/p><div style=\"height: 3px;\">\u00a0<\/div><p><b>Usos do sexto caso<\/b> \u2013 Genitivo<\/p><div style=\"height: 3px;\">\u00a0<\/div><p><b>Usos do s\u00e9timo caso<\/b> \u2013 Locativo<\/p><div style=\"height: 3px;\">\u00a0<\/div><p><b>Usos do oitavo caso<\/b> \u2013 Vocativo<\/p>\t\t\t\t\t\t\t\t<\/div>\n\t\t\t\t<\/div>\n\t\t\t\t<div class=\"elementor-element elementor-element-4ca1db8 prgagr elementor-widget elementor-widget-text-editor\" data-id=\"4ca1db8\" data-element_type=\"widget\" data-widget_type=\"text-editor.default\">\n\t\t\t\t<div class=\"elementor-widget-container\">\n\t\t\t\t\t\t\t\t\t<strong>In\u00edcio:\u00a0<\/strong>15 de Fevereiro de 2023<br class=\"\" \/><strong>Aula semanal:\u00a0<\/strong>Quartas-feiras, das 10:30 h \u00e0s 11:30 h<br class=\"\" \/><strong>Dura\u00e7\u00e3o: <\/strong>3 meses \u2013 12 encontros<br class=\"\" \/><strong>Inclui: <\/strong>E-material + \u00e1udio<br class=\"\" \/><strong>Pr\u00e9-requisito: <\/strong>Conhecimento b\u00e1sico da gram\u00e1tica s\u00e2nscrita<br class=\"\" \/>Atendimento personalizado\t\t\t\t\t\t\t\t<\/div>\n\t\t\t\t<\/div>\n\t\t\t\t<div class=\"elementor-element elementor-element-8408dfc prgagr elementor-widget elementor-widget-text-editor\" data-id=\"8408dfc\" data-element_type=\"widget\" data-widget_type=\"text-editor.default\">\n\t\t\t\t<div class=\"elementor-widget-container\">\n\t\t\t\t\t\t\t\t\t<span style=\"color: #0572e0;\"><b>Inscri\u00e7\u00f5es abertas at\u00e9 o dia 10 de Fevereiro<\/b><\/span>\u00a0&#8211; vagas limitadas!\t\t\t\t\t\t\t\t<\/div>\n\t\t\t\t<\/div>\n\t\t\t\t<div class=\"elementor-element elementor-element-961ddc3 elementor-widget elementor-widget-text-editor\" data-id=\"961ddc3\" data-element_type=\"widget\" data-widget_type=\"text-editor.default\">\n\t\t\t\t<div class=\"elementor-widget-container\">\n\t\t\t\t\t\t\t\t\t<a href=\"#ppsShowPopUp_100\" class=\"orangbtn\">Pedir Detalhes<\/a>\t\t\t\t\t\t\t\t<\/div>\n\t\t\t\t<\/div>\n\t\t\t\t\t<\/div>\n\t\t<\/div>\n\t\t\t\t\t<\/div>\n\t\t<\/section>\n\t\t\t\t<section class=\"elementor-section elementor-top-section elementor-element elementor-element-74dc93f elementor-section-boxed elementor-section-height-default elementor-section-height-default\" data-id=\"74dc93f\" data-element_type=\"section\">\n\t\t\t\t\t\t<div class=\"elementor-container elementor-column-gap-default\">\n\t\t\t\t\t<div class=\"elementor-column elementor-col-100 elementor-top-column elementor-element elementor-element-af34c3e\" data-id=\"af34c3e\" data-element_type=\"column\">\n\t\t\t<div class=\"elementor-widget-wrap elementor-element-populated\">\n\t\t\t\t\t\t<div class=\"elementor-element elementor-element-4200eb3 elementor-widget elementor-widget-image\" data-id=\"4200eb3\" data-element_type=\"widget\" data-widget_type=\"image.default\">\n\t\t\t\t<div class=\"elementor-widget-container\">\n\t\t\t\t\t\t\t\t\t\t\t\t\t\t\t<img decoding=\"async\" width=\"140\" height=\"34\" src=\"https:\/\/atmavidya.in\/wp-content\/uploads\/2022\/02\/divider-icon.jpg\" class=\"attachment-large size-large wp-image-2629\" alt=\"\" \/>\t\t\t\t\t\t\t\t\t\t\t\t\t\t\t<\/div>\n\t\t\t\t<\/div>\n\t\t\t\t\t<\/div>\n\t\t<\/div>\n\t\t\t\t\t<\/div>\n\t\t<\/section>\n\t\t\t\t<\/div>\n\t\t","protected":false},"excerpt":{"rendered":"<p>S\u00e2nscrito II &#8211; Introdu\u00e7\u00e3o \u00e0 Gram\u00e1tica S\u00e2nscrito II &#8211; Introdu\u00e7\u00e3o \u00e0 Gram\u00e1tica &#8220;Curso de S\u00e2nscrito &#8211; Introdu\u00e7\u00e3o \u00e0 Gram\u00e1tica&#8221; com Maline RibeiroEste curso foi criado&#8230;<\/p>\n","protected":false},"author":1,"featured_media":0,"parent":0,"menu_order":0,"comment_status":"closed","ping_status":"closed","template":"","meta":{"footnotes":""},"class_list":["post-4296","page","type-page","status-publish","hentry"],"_links":{"self":[{"href":"https:\/\/atmavidya.in\/index.php?rest_route=\/wp\/v2\/pages\/4296","targetHints":{"allow":["GET"]}}],"collection":[{"href":"https:\/\/atmavidya.in\/index.php?rest_route=\/wp\/v2\/pages"}],"about":[{"href":"https:\/\/atmavidya.in\/index.php?rest_route=\/wp\/v2\/types\/page"}],"author":[{"embeddable":true,"href":"https:\/\/atmavidya.in\/index.php?rest_route=\/wp\/v2\/users\/1"}],"replies":[{"embeddable":true,"href":"https:\/\/atmavidya.in\/index.php?rest_route=%2Fwp%2Fv2%2Fcomments&post=4296"}],"version-history":[{"count":32,"href":"https:\/\/atmavidya.in\/index.php?rest_route=\/wp\/v2\/pages\/4296\/revisions"}],"predecessor-version":[{"id":7174,"href":"https:\/\/atmavidya.in\/index.php?rest_route=\/wp\/v2\/pages\/4296\/revisions\/7174"}],"wp:attachment":[{"href":"https:\/\/atmavidya.in\/index.php?rest_route=%2Fwp%2Fv2%2Fmedia&parent=4296"}],"curies":[{"name":"wp","href":"https:\/\/api.w.org\/{rel}","templated":true}]}}