{"id":6351,"date":"2023-05-06T11:44:16","date_gmt":"2023-05-06T11:44:16","guid":{"rendered":"https:\/\/atmavidya.in\/?page_id=6351"},"modified":"2023-05-08T16:38:29","modified_gmt":"2023-05-08T16:38:29","slug":"puja-pt","status":"publish","type":"page","link":"https:\/\/atmavidya.in\/?page_id=6351","title":{"rendered":"Puja Pt"},"content":{"rendered":"\t\t<div data-elementor-type=\"wp-page\" data-elementor-id=\"6351\" class=\"elementor elementor-6351\" data-elementor-post-type=\"page\">\n\t\t\t\t\t\t<section class=\"elementor-section elementor-top-section elementor-element elementor-element-f3f29b5 elementor-section-boxed elementor-section-height-default elementor-section-height-default\" data-id=\"f3f29b5\" data-element_type=\"section\">\n\t\t\t\t\t\t<div class=\"elementor-container elementor-column-gap-default\">\n\t\t\t\t\t<div class=\"elementor-column elementor-col-100 elementor-top-column elementor-element elementor-element-7f8178f\" data-id=\"7f8178f\" data-element_type=\"column\">\n\t\t\t<div class=\"elementor-widget-wrap elementor-element-populated\">\n\t\t\t\t\t\t<div class=\"elementor-element elementor-element-5fbacb8 elementor-widget elementor-widget-text-editor\" data-id=\"5fbacb8\" data-element_type=\"widget\" data-widget_type=\"text-editor.default\">\n\t\t\t\t<div class=\"elementor-widget-container\">\n\t\t\t\t\t\t\t\t\t<div style=\"color: #a20000; font-size: 36px;\" align=\"centre\">Oficina de P\u016bj\u0101<\/div>\t\t\t\t\t\t\t\t<\/div>\n\t\t\t\t<\/div>\n\t\t\t\t\t<\/div>\n\t\t<\/div>\n\t\t\t\t\t<\/div>\n\t\t<\/section>\n\t\t\t\t<section class=\"elementor-section elementor-top-section elementor-element elementor-element-a16cd59 elementor-section-boxed elementor-section-height-default elementor-section-height-default\" data-id=\"a16cd59\" data-element_type=\"section\">\n\t\t\t\t\t\t<div class=\"elementor-container elementor-column-gap-default\">\n\t\t\t\t\t<div class=\"elementor-column elementor-col-100 elementor-top-column elementor-element elementor-element-a1f390b\" data-id=\"a1f390b\" data-element_type=\"column\">\n\t\t\t<div class=\"elementor-widget-wrap elementor-element-populated\">\n\t\t\t\t\t\t<div class=\"elementor-element elementor-element-321a730 elementor-widget elementor-widget-image\" data-id=\"321a730\" data-element_type=\"widget\" data-widget_type=\"image.default\">\n\t\t\t\t<div class=\"elementor-widget-container\">\n\t\t\t\t\t\t\t\t\t\t\t\t\t\t\t<img fetchpriority=\"high\" decoding=\"async\" width=\"945\" height=\"345\" src=\"https:\/\/atmavidya.in\/wp-content\/uploads\/2022\/02\/puja_w945-1.jpg\" class=\"attachment-full size-full wp-image-4103\" alt=\"\" \/>\t\t\t\t\t\t\t\t\t\t\t\t\t\t\t<\/div>\n\t\t\t\t<\/div>\n\t\t\t\t\t<\/div>\n\t\t<\/div>\n\t\t\t\t\t<\/div>\n\t\t<\/section>\n\t\t\t\t<section class=\"elementor-section elementor-top-section elementor-element elementor-element-d37711f elementor-section-boxed elementor-section-height-default elementor-section-height-default\" data-id=\"d37711f\" data-element_type=\"section\">\n\t\t\t\t\t\t<div class=\"elementor-container elementor-column-gap-default\">\n\t\t\t\t\t<div class=\"elementor-column elementor-col-100 elementor-top-column elementor-element elementor-element-b8b5071\" data-id=\"b8b5071\" data-element_type=\"column\">\n\t\t\t<div class=\"elementor-widget-wrap elementor-element-populated\">\n\t\t\t\t\t\t<div class=\"elementor-element elementor-element-84a245d prgagr elementor-widget elementor-widget-text-editor\" data-id=\"84a245d\" data-element_type=\"widget\" data-widget_type=\"text-editor.default\">\n\t\t\t\t<div class=\"elementor-widget-container\">\n\t\t\t\t\t\t\t\t\tA P\u016bj\u0101 \u00e9 uma das mais belas maneiras de se conectar com Deus. Um espa\u00e7o que podemos criar para nos relacionarmos de forma integral e aberta com o Criador.\n<div style=\"height: 25px;\"><\/div>\nNesta oficina, ser\u00e1 ensinada a execu\u00e7\u00e3o da P\u016bj\u0101 tradicional de 16 passos, como tamb\u00e9m da P\u016bj\u0101 de 5 passos, compreendendo cada etapa em detalhe e a simbologia envolvida nesse ritual e os benef\u00edcios dessa rica tradi\u00e7\u00e3o.\n<div style=\"height: 25px;\"><\/div>\nEssa oficina \u00e9 voltada para todos aqueles que buscam o belo nas mais simples a\u00e7\u00f5es. Um resgate do sagrado no cotidiano.\n<div style=\"height: 25px;\"><\/div>\n<b>Dura\u00e7\u00e3o<\/b>: 4 meses \u2013 16 encontros\n<div style=\"height:2px\"><\/div>\n<b>Inclui<\/b>: E-material + \u00e1udio\n<div style=\"height:2px\"><\/div>\n<b>Pr\u00e9-requisito<\/b>: Conhecimento b\u00e1sico de Mantras ou S\u00e2nscrito\n<div style=\"height:2px\"><\/div>\nAtendimento personalizado\n<div style=\"height: 30px;\"><\/div>\n<strong>Conte\u00fado<\/strong>\n<ol>\n \t<li>O que \u00e9 P\u016bj\u0101?\u2013 Um mergulho na cultura Indiana<\/li>\n \t<li>S\u00e2nscrito \u2013 Instru\u00e7\u00f5es para uma pron\u00fancia precisa<\/li>\n \t<li>Canto dos mantras \u2013 A pr\u00e1tica e a repeti\u00e7\u00e3o dos mantras s\u00e3o essenciais para o aprendizado. Os participantes ser\u00e3o escutados individualmente e o \u00e1udio de cada verso estar\u00e1 dispon\u00edvel para os alunos<\/li>\n \t<li>Explana\u00e7\u00e3o detalhada de cada passo da P\u016bj\u0101 \u2013 Cada etapa da execu\u00e7\u00e3o de uma P\u016bj\u0101 ser\u00e1 minuciosamente explanada. Os alunos compreender\u00e3o nuances culturais e condutas de purifica\u00e7\u00e3o essenciais. Na conclus\u00e3o do curso, o aluno ter\u00e1 uma clara vis\u00e3o de como incluir esse ritual no dia a dia<\/li>\n<\/ol>\t\t\t\t\t\t\t\t<\/div>\n\t\t\t\t<\/div>\n\t\t\t\t<div class=\"elementor-element elementor-element-c420440 prgagr elementor-widget elementor-widget-text-editor\" data-id=\"c420440\" data-element_type=\"widget\" data-widget_type=\"text-editor.default\">\n\t\t\t\t<div class=\"elementor-widget-container\">\n\t\t\t\t\t\t\t\t\t<p><strong>Dura\u00e7\u00e3o: <\/strong><span style=\"font-weight: var( --e-global-typography-text-font-weight );\">4&nbsp;meses \u2013 16 encontros<\/span><br><\/p>\n<div style=\"height: 2px;\">&nbsp;<\/div>\n<p><strong>Inclui: <\/strong>&nbsp;E-material + \u00e1udio<\/p>\n<div style=\"height: 2px;\">&nbsp;<\/div>\n<p><strong>Pr\u00e9-requisito: <\/strong>&nbsp;Conhecimento b\u00e1sico de mantras e de S\u00e2nscrito<\/p>\n<p>Atendimento personalizado<\/p>\n<div style=\"height: 2px;\">&nbsp;<\/div>\n<p><\/p>\n<div style=\"height: 25px;\">&nbsp;<\/div>\n<p><strong>Inscri\u00e7\u00f5es abertas at\u00e9 o dia 25 de Agosto&nbsp;<\/strong>&#8211; vagas limitadas!<\/p>\t\t\t\t\t\t\t\t<\/div>\n\t\t\t\t<\/div>\n\t\t\t\t\t<\/div>\n\t\t<\/div>\n\t\t\t\t\t<\/div>\n\t\t<\/section>\n\t\t\t\t<section class=\"elementor-section elementor-top-section elementor-element elementor-element-408b991 elementor-section-boxed elementor-section-height-default elementor-section-height-default\" data-id=\"408b991\" data-element_type=\"section\">\n\t\t\t\t\t\t<div class=\"elementor-container elementor-column-gap-default\">\n\t\t\t\t\t<div class=\"elementor-column elementor-col-100 elementor-top-column elementor-element elementor-element-6a31968\" data-id=\"6a31968\" data-element_type=\"column\">\n\t\t\t<div class=\"elementor-widget-wrap elementor-element-populated\">\n\t\t\t\t\t\t<div class=\"elementor-element elementor-element-63418a9 elementor-widget elementor-widget-image\" data-id=\"63418a9\" data-element_type=\"widget\" data-widget_type=\"image.default\">\n\t\t\t\t<div class=\"elementor-widget-container\">\n\t\t\t\t\t\t\t\t\t\t\t\t\t\t\t<img decoding=\"async\" width=\"140\" height=\"34\" src=\"https:\/\/atmavidya.in\/wp-content\/uploads\/2022\/02\/divider-icon.jpg\" class=\"attachment-large size-large wp-image-2629\" alt=\"\" \/>\t\t\t\t\t\t\t\t\t\t\t\t\t\t\t<\/div>\n\t\t\t\t<\/div>\n\t\t\t\t\t<\/div>\n\t\t<\/div>\n\t\t\t\t\t<\/div>\n\t\t<\/section>\n\t\t\t\t<\/div>\n\t\t","protected":false},"excerpt":{"rendered":"<p>Oficina de P\u016bj\u0101 A P\u016bj\u0101 \u00e9 uma das mais belas maneiras de se conectar com Deus. Um espa\u00e7o que podemos criar para nos relacionarmos de&#8230;<\/p>\n","protected":false},"author":1,"featured_media":0,"parent":0,"menu_order":0,"comment_status":"closed","ping_status":"closed","template":"","meta":{"footnotes":""},"class_list":["post-6351","page","type-page","status-publish","hentry"],"_links":{"self":[{"href":"https:\/\/atmavidya.in\/index.php?rest_route=\/wp\/v2\/pages\/6351","targetHints":{"allow":["GET"]}}],"collection":[{"href":"https:\/\/atmavidya.in\/index.php?rest_route=\/wp\/v2\/pages"}],"about":[{"href":"https:\/\/atmavidya.in\/index.php?rest_route=\/wp\/v2\/types\/page"}],"author":[{"embeddable":true,"href":"https:\/\/atmavidya.in\/index.php?rest_route=\/wp\/v2\/users\/1"}],"replies":[{"embeddable":true,"href":"https:\/\/atmavidya.in\/index.php?rest_route=%2Fwp%2Fv2%2Fcomments&post=6351"}],"version-history":[{"count":22,"href":"https:\/\/atmavidya.in\/index.php?rest_route=\/wp\/v2\/pages\/6351\/revisions"}],"predecessor-version":[{"id":6677,"href":"https:\/\/atmavidya.in\/index.php?rest_route=\/wp\/v2\/pages\/6351\/revisions\/6677"}],"wp:attachment":[{"href":"https:\/\/atmavidya.in\/index.php?rest_route=%2Fwp%2Fv2%2Fmedia&parent=6351"}],"curies":[{"name":"wp","href":"https:\/\/api.w.org\/{rel}","templated":true}]}}