{"id":6998,"date":"2023-08-15T17:00:00","date_gmt":"2023-08-15T17:00:00","guid":{"rendered":"https:\/\/atmavidya.in\/?page_id=6998"},"modified":"2023-09-17T17:28:54","modified_gmt":"2023-09-17T17:28:54","slug":"vedic-chanting-23","status":"publish","type":"page","link":"https:\/\/atmavidya.in\/?page_id=6998","title":{"rendered":"Vedic Chanting 23"},"content":{"rendered":"\t\t<div data-elementor-type=\"wp-page\" data-elementor-id=\"6998\" class=\"elementor elementor-6998\" data-elementor-post-type=\"page\">\n\t\t\t\t\t\t<section class=\"elementor-section elementor-top-section elementor-element elementor-element-044942d elementor-section-boxed elementor-section-height-default elementor-section-height-default\" data-id=\"044942d\" data-element_type=\"section\">\n\t\t\t\t\t\t<div class=\"elementor-container elementor-column-gap-default\">\n\t\t\t\t\t<div class=\"elementor-column elementor-col-100 elementor-top-column elementor-element elementor-element-6bed2dc\" data-id=\"6bed2dc\" data-element_type=\"column\">\n\t\t\t<div class=\"elementor-widget-wrap elementor-element-populated\">\n\t\t\t\t\t\t<div class=\"elementor-element elementor-element-2b753a8 elementor-widget elementor-widget-text-editor\" data-id=\"2b753a8\" data-element_type=\"widget\" data-widget_type=\"text-editor.default\">\n\t\t\t\t<div class=\"elementor-widget-container\">\n\t\t\t\t\t\t\t\t\t<div style=\"color: #a20000; font-size: 36px;\" align=\"centre\">Vedic Chanting<\/div>\t\t\t\t\t\t\t\t<\/div>\n\t\t\t\t<\/div>\n\t\t\t\t\t<\/div>\n\t\t<\/div>\n\t\t\t\t\t<\/div>\n\t\t<\/section>\n\t\t\t\t<section class=\"elementor-section elementor-top-section elementor-element elementor-element-a16cd59 elementor-section-boxed elementor-section-height-default elementor-section-height-default\" data-id=\"a16cd59\" data-element_type=\"section\">\n\t\t\t\t\t\t<div class=\"elementor-container elementor-column-gap-default\">\n\t\t\t\t\t<div class=\"elementor-column elementor-col-100 elementor-top-column elementor-element elementor-element-a1f390b\" data-id=\"a1f390b\" data-element_type=\"column\">\n\t\t\t<div class=\"elementor-widget-wrap elementor-element-populated\">\n\t\t\t\t\t\t<div class=\"elementor-element elementor-element-321a730 elementor-widget elementor-widget-image\" data-id=\"321a730\" data-element_type=\"widget\" data-widget_type=\"image.default\">\n\t\t\t\t<div class=\"elementor-widget-container\">\n\t\t\t\t\t\t\t\t\t\t\t\t\t\t\t<img fetchpriority=\"high\" decoding=\"async\" width=\"945\" height=\"426\" src=\"https:\/\/atmavidya.in\/wp-content\/uploads\/2023\/05\/Vedic-Chanting.jpg\" class=\"attachment-full size-full wp-image-6854\" alt=\"\" srcset=\"https:\/\/atmavidya.in\/wp-content\/uploads\/2023\/05\/Vedic-Chanting.jpg 945w, https:\/\/atmavidya.in\/wp-content\/uploads\/2023\/05\/Vedic-Chanting-285x128.jpg 285w, https:\/\/atmavidya.in\/wp-content\/uploads\/2023\/05\/Vedic-Chanting-600x270.jpg 600w, https:\/\/atmavidya.in\/wp-content\/uploads\/2023\/05\/Vedic-Chanting-768x346.jpg 768w, https:\/\/atmavidya.in\/wp-content\/uploads\/2023\/05\/Vedic-Chanting-940x424.jpg 940w, https:\/\/atmavidya.in\/wp-content\/uploads\/2023\/05\/Vedic-Chanting-500x225.jpg 500w\" sizes=\"(max-width: 945px) 100vw, 945px\" \/>\t\t\t\t\t\t\t\t\t\t\t\t\t\t\t<\/div>\n\t\t\t\t<\/div>\n\t\t\t\t\t<\/div>\n\t\t<\/div>\n\t\t\t\t\t<\/div>\n\t\t<\/section>\n\t\t\t\t<section class=\"elementor-section elementor-top-section elementor-element elementor-element-5b6b40b elementor-section-boxed elementor-section-height-default elementor-section-height-default\" data-id=\"5b6b40b\" data-element_type=\"section\">\n\t\t\t\t\t\t<div class=\"elementor-container elementor-column-gap-default\">\n\t\t\t\t\t<div class=\"elementor-column elementor-col-100 elementor-top-column elementor-element elementor-element-0f30dd6\" data-id=\"0f30dd6\" data-element_type=\"column\">\n\t\t\t<div class=\"elementor-widget-wrap elementor-element-populated\">\n\t\t\t\t\t\t<section class=\"elementor-section elementor-inner-section elementor-element elementor-element-6e06145 elementor-section-boxed elementor-section-height-default elementor-section-height-default\" data-id=\"6e06145\" data-element_type=\"section\">\n\t\t\t\t\t\t<div class=\"elementor-container elementor-column-gap-default\">\n\t\t\t\t\t<div class=\"elementor-column elementor-col-100 elementor-inner-column elementor-element elementor-element-8373d21\" data-id=\"8373d21\" data-element_type=\"column\">\n\t\t\t<div class=\"elementor-widget-wrap elementor-element-populated\">\n\t\t\t\t\t\t<div class=\"elementor-element elementor-element-e34b201 nomrgbtm elementor-widget elementor-widget-text-editor\" data-id=\"e34b201\" data-element_type=\"widget\" data-widget_type=\"text-editor.default\">\n\t\t\t\t<div class=\"elementor-widget-container\">\n\t\t\t\t\t\t\t\t\t<h3 style=\"color: #a20000;\">Vedic Chanting<\/h3>\n<div class=\"sbheading\"><em>&#8220;Learn to chant the Vedas&#8221;<\/em><\/div>\n<p>with Maline Ribeiro<\/p>\t\t\t\t\t\t\t\t<\/div>\n\t\t\t\t<\/div>\n\t\t\t\t<div class=\"elementor-element elementor-element-03f7b2c prgagr elementor-widget elementor-widget-text-editor\" data-id=\"03f7b2c\" data-element_type=\"widget\" data-widget_type=\"text-editor.default\">\n\t\t\t\t<div class=\"elementor-widget-container\">\n\t\t\t\t\t\t\t\t\t<p>The culture of India is rooted in a body of knowledge known as Vedas, which were revealed to the \u1e5a\u1e63is through deep meditation in the form of mantras that were then passed down through a tradition of teaching from teacher to student. Later, \u015ar\u012b Vy\u0101sa, a renowned sage, organized the Vedic mantras into four groups: \u1e5ag-veda, Yajur-veda, S\u0101ma-veda, and Atharva-veda.<\/p><div style=\"height: 25px;\">\u00a0<\/div><p>This Vedic knowledge forms the foundation of Hinduism, providing guidance on how to live and interact in specific environments and in the world at large, and offering insights into the attainment of supreme freedom, known as Ved\u0101nta or Upani\u1e63ads.<\/p><div style=\"height: 25px;\">\u00a0<\/div><p>Chanting these mantras follows specific rules to ensure that they are reproduced in their original form. Therefore, it is essential to learn Vedic chanting from teachers with who have studied with a traditional teacher.<\/p><div style=\"height: 25px;\">\u00a0<\/div><p>This course is designed to explore the chanting of various S\u016bktas and Upani\u1e63ads and is open to students who already have a basic understanding of mantras and Sanskrit.<\/p>\t\t\t\t\t\t\t\t<\/div>\n\t\t\t\t<\/div>\n\t\t\t\t\t<\/div>\n\t\t<\/div>\n\t\t\t\t\t<\/div>\n\t\t<\/section>\n\t\t\t\t<div class=\"elementor-element elementor-element-76b32b0 elementor-widget elementor-widget-text-editor\" data-id=\"76b32b0\" data-element_type=\"widget\" data-widget_type=\"text-editor.default\">\n\t\t\t\t<div class=\"elementor-widget-container\">\n\t\t\t\t\t\t\t\t\t<a class=\"orangbtn\" href=\"#ppsShowPopUp_100\">Request More Info<\/a>\t\t\t\t\t\t\t\t<\/div>\n\t\t\t\t<\/div>\n\t\t\t\t\t<\/div>\n\t\t<\/div>\n\t\t\t\t\t<\/div>\n\t\t<\/section>\n\t\t\t\t<section class=\"elementor-section elementor-top-section elementor-element elementor-element-408b991 elementor-section-boxed elementor-section-height-default elementor-section-height-default\" data-id=\"408b991\" data-element_type=\"section\">\n\t\t\t\t\t\t<div class=\"elementor-container elementor-column-gap-default\">\n\t\t\t\t\t<div class=\"elementor-column elementor-col-100 elementor-top-column elementor-element elementor-element-6a31968\" data-id=\"6a31968\" data-element_type=\"column\">\n\t\t\t<div class=\"elementor-widget-wrap elementor-element-populated\">\n\t\t\t\t\t\t<div class=\"elementor-element elementor-element-63418a9 elementor-widget elementor-widget-image\" data-id=\"63418a9\" data-element_type=\"widget\" data-widget_type=\"image.default\">\n\t\t\t\t<div class=\"elementor-widget-container\">\n\t\t\t\t\t\t\t\t\t\t\t\t\t\t\t<img decoding=\"async\" width=\"140\" height=\"34\" src=\"https:\/\/atmavidya.in\/wp-content\/uploads\/2022\/02\/divider-icon.jpg\" class=\"attachment-large size-large wp-image-2629\" alt=\"\" \/>\t\t\t\t\t\t\t\t\t\t\t\t\t\t\t<\/div>\n\t\t\t\t<\/div>\n\t\t\t\t\t<\/div>\n\t\t<\/div>\n\t\t\t\t\t<\/div>\n\t\t<\/section>\n\t\t\t\t<\/div>\n\t\t","protected":false},"excerpt":{"rendered":"<p>Vedic Chanting Vedic Chanting &#8220;Learn to chant the Vedas&#8221; with Maline Ribeiro The culture of India is rooted in a body of knowledge known as&#8230;<\/p>\n","protected":false},"author":1,"featured_media":0,"parent":0,"menu_order":0,"comment_status":"closed","ping_status":"closed","template":"","meta":{"footnotes":""},"class_list":["post-6998","page","type-page","status-publish","hentry"],"_links":{"self":[{"href":"https:\/\/atmavidya.in\/index.php?rest_route=\/wp\/v2\/pages\/6998","targetHints":{"allow":["GET"]}}],"collection":[{"href":"https:\/\/atmavidya.in\/index.php?rest_route=\/wp\/v2\/pages"}],"about":[{"href":"https:\/\/atmavidya.in\/index.php?rest_route=\/wp\/v2\/types\/page"}],"author":[{"embeddable":true,"href":"https:\/\/atmavidya.in\/index.php?rest_route=\/wp\/v2\/users\/1"}],"replies":[{"embeddable":true,"href":"https:\/\/atmavidya.in\/index.php?rest_route=%2Fwp%2Fv2%2Fcomments&post=6998"}],"version-history":[{"count":19,"href":"https:\/\/atmavidya.in\/index.php?rest_route=\/wp\/v2\/pages\/6998\/revisions"}],"predecessor-version":[{"id":7155,"href":"https:\/\/atmavidya.in\/index.php?rest_route=\/wp\/v2\/pages\/6998\/revisions\/7155"}],"wp:attachment":[{"href":"https:\/\/atmavidya.in\/index.php?rest_route=%2Fwp%2Fv2%2Fmedia&parent=6998"}],"curies":[{"name":"wp","href":"https:\/\/api.w.org\/{rel}","templated":true}]}}