{"id":7028,"date":"2023-08-15T17:31:23","date_gmt":"2023-08-15T17:31:23","guid":{"rendered":"https:\/\/atmavidya.in\/?page_id=7028"},"modified":"2023-09-17T18:28:51","modified_gmt":"2023-09-17T18:28:51","slug":"bhagavad-gita-chanting","status":"publish","type":"page","link":"https:\/\/atmavidya.in\/?page_id=7028","title":{"rendered":"Bhagavad Gita Chanting"},"content":{"rendered":"\t\t<div data-elementor-type=\"wp-page\" data-elementor-id=\"7028\" class=\"elementor elementor-7028\" data-elementor-post-type=\"page\">\n\t\t\t\t\t\t<section class=\"elementor-section elementor-top-section elementor-element elementor-element-3e9bce0 elementor-section-boxed elementor-section-height-default elementor-section-height-default\" data-id=\"3e9bce0\" data-element_type=\"section\">\n\t\t\t\t\t\t<div class=\"elementor-container elementor-column-gap-default\">\n\t\t\t\t\t<div class=\"elementor-column elementor-col-100 elementor-top-column elementor-element elementor-element-fbad149\" data-id=\"fbad149\" data-element_type=\"column\">\n\t\t\t<div class=\"elementor-widget-wrap elementor-element-populated\">\n\t\t\t\t\t\t<div class=\"elementor-element elementor-element-f8cd8e7 elementor-widget elementor-widget-text-editor\" data-id=\"f8cd8e7\" data-element_type=\"widget\" data-widget_type=\"text-editor.default\">\n\t\t\t\t<div class=\"elementor-widget-container\">\n\t\t\t\t\t\t\t\t\t<h2 style=\"font-size: 36px; color: #a20000; font-weight: 500;\"><span style=\"font-weight: normal;\">Chanting of the Bhagavad G\u012bt\u0101\u00a0<\/span><\/h2>\t\t\t\t\t\t\t\t<\/div>\n\t\t\t\t<\/div>\n\t\t\t\t\t<\/div>\n\t\t<\/div>\n\t\t\t\t\t<\/div>\n\t\t<\/section>\n\t\t\t\t<section class=\"elementor-section elementor-top-section elementor-element elementor-element-a16cd59 elementor-section-boxed elementor-section-height-default elementor-section-height-default\" data-id=\"a16cd59\" data-element_type=\"section\">\n\t\t\t\t\t\t<div class=\"elementor-container elementor-column-gap-default\">\n\t\t\t\t\t<div class=\"elementor-column elementor-col-100 elementor-top-column elementor-element elementor-element-a1f390b\" data-id=\"a1f390b\" data-element_type=\"column\">\n\t\t\t<div class=\"elementor-widget-wrap elementor-element-populated\">\n\t\t\t\t\t\t<div class=\"elementor-element elementor-element-321a730 elementor-widget elementor-widget-image\" data-id=\"321a730\" data-element_type=\"widget\" data-widget_type=\"image.default\">\n\t\t\t\t<div class=\"elementor-widget-container\">\n\t\t\t\t\t\t\t\t\t\t\t\t\t\t\t<img fetchpriority=\"high\" decoding=\"async\" width=\"945\" height=\"345\" src=\"https:\/\/atmavidya.in\/wp-content\/uploads\/2022\/02\/course8-2-banner-2022_945w-1.jpg\" class=\"attachment-full size-full wp-image-4087\" alt=\"\" \/>\t\t\t\t\t\t\t\t\t\t\t\t\t\t\t<\/div>\n\t\t\t\t<\/div>\n\t\t\t\t\t<\/div>\n\t\t<\/div>\n\t\t\t\t\t<\/div>\n\t\t<\/section>\n\t\t\t\t<section class=\"elementor-section elementor-top-section elementor-element elementor-element-b861753 elementor-section-boxed elementor-section-height-default elementor-section-height-default\" data-id=\"b861753\" data-element_type=\"section\">\n\t\t\t\t\t\t<div class=\"elementor-container elementor-column-gap-default\">\n\t\t\t\t\t<div class=\"elementor-column elementor-col-100 elementor-top-column elementor-element elementor-element-602e73c\" data-id=\"602e73c\" data-element_type=\"column\">\n\t\t\t<div class=\"elementor-widget-wrap elementor-element-populated\">\n\t\t\t\t\t\t<div class=\"elementor-element elementor-element-b0251dd quotesign elementor-widget elementor-widget-text-editor\" data-id=\"b0251dd\" data-element_type=\"widget\" data-widget_type=\"text-editor.default\">\n\t\t\t\t<div class=\"elementor-widget-container\">\n\t\t\t\t\t\t\t\t\t<h3>&#8220;O Bhagavad G\u012bt\u0101 fornece a vis\u00e3o e um modo de vida.&#8221;<\/h3>\n<em>&#8211; Pujya Swami Dayananda Saraswati<\/em>\t\t\t\t\t\t\t\t<\/div>\n\t\t\t\t<\/div>\n\t\t\t\t\t<\/div>\n\t\t<\/div>\n\t\t\t\t\t<\/div>\n\t\t<\/section>\n\t\t\t\t<section class=\"elementor-section elementor-top-section elementor-element elementor-element-70c1ffc elementor-section-boxed elementor-section-height-default elementor-section-height-default\" data-id=\"70c1ffc\" data-element_type=\"section\">\n\t\t\t\t\t\t<div class=\"elementor-container elementor-column-gap-default\">\n\t\t\t\t\t<div class=\"elementor-column elementor-col-100 elementor-top-column elementor-element elementor-element-ef2fb42\" data-id=\"ef2fb42\" data-element_type=\"column\">\n\t\t\t<div class=\"elementor-widget-wrap elementor-element-populated\">\n\t\t\t\t\t\t<section class=\"elementor-section elementor-inner-section elementor-element elementor-element-3e9bdb4 elementor-section-boxed elementor-section-height-default elementor-section-height-default\" data-id=\"3e9bdb4\" data-element_type=\"section\">\n\t\t\t\t\t\t<div class=\"elementor-container elementor-column-gap-default\">\n\t\t\t\t\t<div class=\"elementor-column elementor-col-100 elementor-inner-column elementor-element elementor-element-28d7a1f\" data-id=\"28d7a1f\" data-element_type=\"column\">\n\t\t\t<div class=\"elementor-widget-wrap elementor-element-populated\">\n\t\t\t\t\t\t<div class=\"elementor-element elementor-element-d7c0db8 nomrgbtm elementor-widget elementor-widget-text-editor\" data-id=\"d7c0db8\" data-element_type=\"widget\" data-widget_type=\"text-editor.default\">\n\t\t\t\t<div class=\"elementor-widget-container\">\n\t\t\t\t\t\t\t\t\t<h3 style=\"color: #a20000;\">BHAGAVAD GITA CHANTING<\/h3><div class=\"sbheading\"><em>&#8220;The Glorious Hymn of Lord K\u1e5b\u1e63\u1e47a&#8221;<\/em><\/div><div class=\"nametech\"><span style=\"color: #333333; font-size: 19px; font-style: normal;\"><i>with Sonia Novaes<\/i><\/span><\/div>\t\t\t\t\t\t\t\t<\/div>\n\t\t\t\t<\/div>\n\t\t\t\t<div class=\"elementor-element elementor-element-7ebae10 prgagr elementor-widget elementor-widget-text-editor\" data-id=\"7ebae10\" data-element_type=\"widget\" data-widget_type=\"text-editor.default\">\n\t\t\t\t<div class=\"elementor-widget-container\">\n\t\t\t\t\t\t\t\t\tThe chanting of the G\u012bt\u0101 is a powerful tool for purification and for integrating body, speech and mind. In addition, chanting refines our mind and improves memory and concentration. The Bhagavadg\u012bt\u0101 is considered the crown jewel of Indian spiritual wisdom and is considered to be the mother who guides towards the truth of oneself.\n<div style=\"height:20px\"><\/div>\nTradition says that Lord K\u1e5b\u1e63\u1e47a is present at all times when the G\u012bt\u0101 is chanted, read, heard, taught or contemplated, and that such a place becomes sanctified, a place of pilgrimage.\n<div style=\"height:20px\"><\/div>\nThis course was created for those who have already had a basic exposure to the chanting of Mantras and for those who wish to learn to chant the 18 chapters of the Bhagavad G\u012bt\u0101.\n\t\t\t\t\t\t\t\t<\/div>\n\t\t\t\t<\/div>\n\t\t\t\t\t<\/div>\n\t\t<\/div>\n\t\t\t\t\t<\/div>\n\t\t<\/section>\n\t\t\t\t<div class=\"elementor-element elementor-element-9aa3346 prgagr elementor-widget elementor-widget-text-editor\" data-id=\"9aa3346\" data-element_type=\"widget\" data-widget_type=\"text-editor.default\">\n\t\t\t\t<div class=\"elementor-widget-container\">\n\t\t\t\t\t\t\t\t\t<div style=\"height: 25px;\"><b><span style=\"font-size: 12pt; line-height: 115%; font-family: Lora;\">Included:&nbsp;<\/span><\/b><\/div>\n<ol>\n<li><span style=\"font-size: 12pt; line-height: 115%; font-family: Lora;\">&nbsp;E-material + audio<\/span><\/li>\n<li>&nbsp;Class Recording<\/li>\n<li>&nbsp;Online individual meeting \u2013 The teacher will be available for any clarification needed in parallel with the ongoing&nbsp; classes<\/li>\n<\/ol>\n<div style=\"height: 2px;\">&nbsp;<\/div>\n<p><b>Start date:<\/b>&nbsp;please contact for details<\/p>\n<div style=\"height: 2px;\">&nbsp;<\/div>\n<p><b>Weekly classes<\/b><\/p>\n<div style=\"height: 2px;\">&nbsp;<\/div>\n<p><b>Duration: <\/b>Ongoing course<\/p>\n<div style=\"height: 2px;\">&nbsp;<\/div>\n<p><b>Prerequisite: <\/b>Basic knowledge of mantras and Sanskrit<\/p>\n<div style=\"height: 2px;\">&nbsp;<\/div>\n<p><b>Level:<\/b> Advanced<\/p>\n<div style=\"height: 2px;\">&nbsp;<\/div>\n<p>Personalized assistance<\/p>\n<div style=\"height: 25px;\">&nbsp;<\/div>\n<p><b>Registration and contact:<\/b><span style=\"font-weight: var( --e-global-typography-text-font-weight );\"> for registrations, clarification or suggestions, please write to <\/span><a href=\"mailto: atmavidyaonline@gmail.com\" style=\"font-weight: var( --e-global-typography-text-font-weight ); background-color: rgb(255, 255, 255);\">atmavidyaonline@gmail.com<\/a><br><\/p>\t\t\t\t\t\t\t\t<\/div>\n\t\t\t\t<\/div>\n\t\t\t\t<div class=\"elementor-element elementor-element-93a62ce elementor-widget elementor-widget-text-editor\" data-id=\"93a62ce\" data-element_type=\"widget\" data-widget_type=\"text-editor.default\">\n\t\t\t\t<div class=\"elementor-widget-container\">\n\t\t\t\t\t\t\t\t\t<a class=\"orangbtn\" href=\"#ppsShowPopUp_100\">Request More Info<\/a>\t\t\t\t\t\t\t\t<\/div>\n\t\t\t\t<\/div>\n\t\t\t\t\t<\/div>\n\t\t<\/div>\n\t\t\t\t\t<\/div>\n\t\t<\/section>\n\t\t\t\t<section class=\"elementor-section elementor-top-section elementor-element elementor-element-408b991 elementor-section-boxed elementor-section-height-default elementor-section-height-default\" data-id=\"408b991\" data-element_type=\"section\">\n\t\t\t\t\t\t<div class=\"elementor-container elementor-column-gap-default\">\n\t\t\t\t\t<div class=\"elementor-column elementor-col-100 elementor-top-column elementor-element elementor-element-6a31968\" data-id=\"6a31968\" data-element_type=\"column\">\n\t\t\t<div class=\"elementor-widget-wrap elementor-element-populated\">\n\t\t\t\t\t\t<div class=\"elementor-element elementor-element-63418a9 elementor-widget elementor-widget-image\" data-id=\"63418a9\" data-element_type=\"widget\" data-widget_type=\"image.default\">\n\t\t\t\t<div class=\"elementor-widget-container\">\n\t\t\t\t\t\t\t\t\t\t\t\t\t\t\t<img decoding=\"async\" width=\"140\" height=\"34\" src=\"https:\/\/atmavidya.in\/wp-content\/uploads\/2022\/02\/divider-icon.jpg\" class=\"attachment-large size-large wp-image-2629\" alt=\"\" \/>\t\t\t\t\t\t\t\t\t\t\t\t\t\t\t<\/div>\n\t\t\t\t<\/div>\n\t\t\t\t\t<\/div>\n\t\t<\/div>\n\t\t\t\t\t<\/div>\n\t\t<\/section>\n\t\t\t\t<\/div>\n\t\t","protected":false},"excerpt":{"rendered":"<p>Chanting of the Bhagavad G\u012bt\u0101\u00a0 &#8220;O Bhagavad G\u012bt\u0101 fornece a vis\u00e3o e um modo de vida.&#8221; &#8211; Pujya Swami Dayananda Saraswati BHAGAVAD GITA CHANTING &#8220;The&#8230;<\/p>\n","protected":false},"author":1,"featured_media":0,"parent":0,"menu_order":0,"comment_status":"closed","ping_status":"closed","template":"","meta":{"footnotes":""},"class_list":["post-7028","page","type-page","status-publish","hentry"],"_links":{"self":[{"href":"https:\/\/atmavidya.in\/index.php?rest_route=\/wp\/v2\/pages\/7028","targetHints":{"allow":["GET"]}}],"collection":[{"href":"https:\/\/atmavidya.in\/index.php?rest_route=\/wp\/v2\/pages"}],"about":[{"href":"https:\/\/atmavidya.in\/index.php?rest_route=\/wp\/v2\/types\/page"}],"author":[{"embeddable":true,"href":"https:\/\/atmavidya.in\/index.php?rest_route=\/wp\/v2\/users\/1"}],"replies":[{"embeddable":true,"href":"https:\/\/atmavidya.in\/index.php?rest_route=%2Fwp%2Fv2%2Fcomments&post=7028"}],"version-history":[{"count":10,"href":"https:\/\/atmavidya.in\/index.php?rest_route=\/wp\/v2\/pages\/7028\/revisions"}],"predecessor-version":[{"id":7211,"href":"https:\/\/atmavidya.in\/index.php?rest_route=\/wp\/v2\/pages\/7028\/revisions\/7211"}],"wp:attachment":[{"href":"https:\/\/atmavidya.in\/index.php?rest_route=%2Fwp%2Fv2%2Fmedia&parent=7028"}],"curies":[{"name":"wp","href":"https:\/\/api.w.org\/{rel}","templated":true}]}}