{"id":3484,"date":"2022-02-10T14:42:55","date_gmt":"2022-02-10T14:42:55","guid":{"rendered":"http:\/\/atmavidya.org.in\/?post_type=product&#038;p=3484"},"modified":"2022-02-17T10:43:50","modified_gmt":"2022-02-17T10:43:50","slug":"valor-dos-valores","status":"publish","type":"product","link":"https:\/\/atmavidya.in\/?product=valor-dos-valores","title":{"rendered":"Upade\u015ba S\u0101ram"},"content":{"rendered":"<p>Rama\u1e47a Mahar\u1e63i. Esta obra consiste de 30 versos breves e simples que outorgam a ess\u00eancia do ensinamento das Upani\u1e63ads.<br \/>\nO foco principal do autor \u00e9 o questionamento crucial &#8220;Quem Sou Eu?&#8221;. <\/p>\n<p>Este texto ser\u00e1 desdobrado \u00e0 luz da sabedoria V\u00e9dica. O curso \u00e9 voltado para todos aqueles que buscam uma compreens\u00e3o maior do Eu, do Mundo e de Deus.<\/p>\n","protected":false},"excerpt":{"rendered":"<ul>\n<li><strong class=\"space1\">Recording Year<\/strong>: 2020<\/li>\n<li><strong class=\"space1\">Classes nos.<\/strong>: 10 Classes<\/li>\n<li><strong class=\"space1\">Total Duration<\/strong>: 10 Hrs 10 min<\/li>\n<li><strong class=\"space1\">File Format<\/strong>: MP4 (+ Booklet PDF)<\/li>\n<li><strong class=\"space1\">Download Size<\/strong>: 11.9 GB<\/li>\n<li><strong class=\"space1\">Language<\/strong>: Portuguese<\/li>\n<\/ul>\n","protected":false},"featured_media":3865,"template":"","meta":[],"product_brand":[],"product_cat":[21],"product_tag":[],"class_list":{"0":"post-3484","1":"product","2":"type-product","3":"status-publish","4":"has-post-thumbnail","6":"product_cat-video-series","8":"first","9":"instock","10":"sold-individually","11":"shipping-taxable","12":"purchasable","13":"product-type-simple"},"_links":{"self":[{"href":"https:\/\/atmavidya.in\/index.php?rest_route=\/wp\/v2\/product\/3484","targetHints":{"allow":["GET"]}}],"collection":[{"href":"https:\/\/atmavidya.in\/index.php?rest_route=\/wp\/v2\/product"}],"about":[{"href":"https:\/\/atmavidya.in\/index.php?rest_route=\/wp\/v2\/types\/product"}],"wp:featuredmedia":[{"embeddable":true,"href":"https:\/\/atmavidya.in\/index.php?rest_route=\/wp\/v2\/media\/3865"}],"wp:attachment":[{"href":"https:\/\/atmavidya.in\/index.php?rest_route=%2Fwp%2Fv2%2Fmedia&parent=3484"}],"wp:term":[{"taxonomy":"product_brand","embeddable":true,"href":"https:\/\/atmavidya.in\/index.php?rest_route=%2Fwp%2Fv2%2Fproduct_brand&post=3484"},{"taxonomy":"product_cat","embeddable":true,"href":"https:\/\/atmavidya.in\/index.php?rest_route=%2Fwp%2Fv2%2Fproduct_cat&post=3484"},{"taxonomy":"product_tag","embeddable":true,"href":"https:\/\/atmavidya.in\/index.php?rest_route=%2Fwp%2Fv2%2Fproduct_tag&post=3484"}],"curies":[{"name":"wp","href":"https:\/\/api.w.org\/{rel}","templated":true}]}}