{"id":4178,"date":"2022-04-21T18:08:56","date_gmt":"2022-04-21T18:08:56","guid":{"rendered":"http:\/\/atmavidya.org.in\/?post_type=product&#038;p=4178"},"modified":"2022-04-21T18:10:52","modified_gmt":"2022-04-21T18:10:52","slug":"hindu-sa%e1%b9%81skaras-pt","status":"publish","type":"product","link":"https:\/\/atmavidya.in\/?product=hindu-sa%e1%b9%81skaras-pt","title":{"rendered":"Hindu Sa\u1e41sk\u0101ras"},"content":{"rendered":"<p>Hindu Sa\u1e41sk\u0101ra &#8211; Sa\u1e41sk\u0101ra \u00e9 uma s\u00e9rie de ritos ou sacramentos realizados por um hindu, que tem como prop\u00f3sito a purifica\u00e7\u00e3o do indiv\u00edduo e a transforma\u00e7\u00e3o para uma nova fase. Estes rituais refinam a personalidade do sujeito proporcionando uma maior maturidade emocional e espiritual. Todo Sa\u1e41sk\u0101ra envolve a a\u00e7\u00e3o f\u00edsica, a fala e a mente, atrav\u00e9s a pessoa tem um crescimento completo, removendo h\u00e1bitos nocivos e adicionando qualidades positivas. Com o Sa\u1e41sk\u0101ra, deixa-se claro para o indiv\u00edduo que este est\u00e1gio espec\u00edfico se foi e a nova personalidade desabrocha.<\/p>\n","protected":false},"excerpt":{"rendered":"<ul>\n<li><strong class=\"space1\">Recording Year<\/strong>: 2020<\/li>\n<li><strong class=\"space1\">Classes nos.<\/strong>: 4 Classes<\/li>\n<li><strong class=\"space1\">Total Duration<\/strong>: 4 Hrs 14 min<\/li>\n<li><strong class=\"space1\">File Format<\/strong>: MP4 (incl. PDF Booklet)<\/li>\n<li><strong class=\"space1\">Download Size<\/strong>: 718 MB<\/li>\n<li><strong class=\"space1\">Language<\/strong>: Portuguese<\/li>\n<\/ul>\n","protected":false},"featured_media":3858,"template":"","meta":[],"product_brand":[],"product_cat":[41],"product_tag":[],"class_list":{"0":"post-4178","1":"product","2":"type-product","3":"status-publish","4":"has-post-thumbnail","6":"product_cat-uncategorized-pt-br","8":"first","9":"instock","10":"shipping-taxable","11":"purchasable","12":"product-type-simple"},"_links":{"self":[{"href":"https:\/\/atmavidya.in\/index.php?rest_route=\/wp\/v2\/product\/4178","targetHints":{"allow":["GET"]}}],"collection":[{"href":"https:\/\/atmavidya.in\/index.php?rest_route=\/wp\/v2\/product"}],"about":[{"href":"https:\/\/atmavidya.in\/index.php?rest_route=\/wp\/v2\/types\/product"}],"wp:featuredmedia":[{"embeddable":true,"href":"https:\/\/atmavidya.in\/index.php?rest_route=\/wp\/v2\/media\/3858"}],"wp:attachment":[{"href":"https:\/\/atmavidya.in\/index.php?rest_route=%2Fwp%2Fv2%2Fmedia&parent=4178"}],"wp:term":[{"taxonomy":"product_brand","embeddable":true,"href":"https:\/\/atmavidya.in\/index.php?rest_route=%2Fwp%2Fv2%2Fproduct_brand&post=4178"},{"taxonomy":"product_cat","embeddable":true,"href":"https:\/\/atmavidya.in\/index.php?rest_route=%2Fwp%2Fv2%2Fproduct_cat&post=4178"},{"taxonomy":"product_tag","embeddable":true,"href":"https:\/\/atmavidya.in\/index.php?rest_route=%2Fwp%2Fv2%2Fproduct_tag&post=4178"}],"curies":[{"name":"wp","href":"https:\/\/api.w.org\/{rel}","templated":true}]}}