{"id":4182,"date":"2022-04-21T18:14:07","date_gmt":"2022-04-21T18:14:07","guid":{"rendered":"http:\/\/atmavidya.org.in\/?post_type=product&#038;p=4182"},"modified":"2022-04-21T18:20:45","modified_gmt":"2022-04-21T18:20:45","slug":"kena-upani%e1%b9%a3ad-pt","status":"publish","type":"product","link":"https:\/\/atmavidya.in\/?product=kena-upani%e1%b9%a3ad-pt","title":{"rendered":"Kena Upani\u1e63ad"},"content":{"rendered":"<p>\u201cA Ess\u00eancia dos Vedas\u201d &#8211; A palavra Upani\u1e63ad significa igualmente autoconhecimento e o texto que o revela. As Upani\u1e63ads s\u00e3o apresentadas na forma de di\u00e1logo, revelando a import\u00e2ncia do m\u00e9todo de aquisi\u00e7\u00e3o desse conhecimento. A natureza de si mesmo \u00e9 geralmente considerada compreendida. Por\u00e9m, esse aspecto \u00e9 questionado no texto da Kena Upani\u1e63ad, que inicia com a pergunta do aluno sobre a natureza do &#8216;eu&#8217;. Este curso est\u00e1 aberto para todos aqueles que buscam com sinceridade uma profunda compreens\u00e3o do &#8216;eu&#8217;.<\/p>\n","protected":false},"excerpt":{"rendered":"<ul>\n<li><strong class=\"space1\">Recording Year<\/strong>: 2021<\/li>\n<li><strong class=\"space1\">Classes nos.<\/strong>: 10 Classes<\/li>\n<li><strong class=\"space1\">Total Duration<\/strong>: 10 Hrs 20 min<\/li>\n<li><strong class=\"space1\">File Format<\/strong>: MP4 (incl. PDF Booklet)<\/li>\n<li><strong class=\"space1\">Download Size<\/strong>: 11.6 GB<\/li>\n<li><strong class=\"space1\">Language<\/strong>: Portuguese<\/li>\n<\/ul>\n","protected":false},"featured_media":3859,"template":"","meta":[],"product_brand":[],"product_cat":[41],"product_tag":[],"class_list":{"0":"post-4182","1":"product","2":"type-product","3":"status-publish","4":"has-post-thumbnail","6":"product_cat-uncategorized-pt-br","8":"first","9":"instock","10":"shipping-taxable","11":"purchasable","12":"product-type-simple"},"_links":{"self":[{"href":"https:\/\/atmavidya.in\/index.php?rest_route=\/wp\/v2\/product\/4182","targetHints":{"allow":["GET"]}}],"collection":[{"href":"https:\/\/atmavidya.in\/index.php?rest_route=\/wp\/v2\/product"}],"about":[{"href":"https:\/\/atmavidya.in\/index.php?rest_route=\/wp\/v2\/types\/product"}],"wp:featuredmedia":[{"embeddable":true,"href":"https:\/\/atmavidya.in\/index.php?rest_route=\/wp\/v2\/media\/3859"}],"wp:attachment":[{"href":"https:\/\/atmavidya.in\/index.php?rest_route=%2Fwp%2Fv2%2Fmedia&parent=4182"}],"wp:term":[{"taxonomy":"product_brand","embeddable":true,"href":"https:\/\/atmavidya.in\/index.php?rest_route=%2Fwp%2Fv2%2Fproduct_brand&post=4182"},{"taxonomy":"product_cat","embeddable":true,"href":"https:\/\/atmavidya.in\/index.php?rest_route=%2Fwp%2Fv2%2Fproduct_cat&post=4182"},{"taxonomy":"product_tag","embeddable":true,"href":"https:\/\/atmavidya.in\/index.php?rest_route=%2Fwp%2Fv2%2Fproduct_tag&post=4182"}],"curies":[{"name":"wp","href":"https:\/\/api.w.org\/{rel}","templated":true}]}}