{"id":4185,"date":"2022-04-21T18:26:55","date_gmt":"2022-04-21T18:26:55","guid":{"rendered":"http:\/\/atmavidya.org.in\/?post_type=product&#038;p=4185"},"modified":"2022-04-21T18:27:41","modified_gmt":"2022-04-21T18:27:41","slug":"pratassmara%e1%b9%87a-stotram-pt","status":"publish","type":"product","link":"https:\/\/atmavidya.in\/?product=pratassmara%e1%b9%87a-stotram-pt","title":{"rendered":"Pr\u0101tassmara\u1e47a Stotram"},"content":{"rendered":"<p>Pr\u0101tassmara\u1e47a Stotram \u2013 \u00c9 uma obra atribu\u00edda ao grande Mestre \u0100di \u015aa\u1e45kar\u0101c\u0101rya. O texto consiste de tr\u00eas versos onde a sabedoria do Advaita Vedanta \u00e9 desdobrada na forma de uma ora\u00e7\u00e3o meditativa. Ao estudar estas p\u00e9rolas de sabedoria, o aspirante poder\u00e1 trazer esta medita\u00e7\u00e3o Vedantina para o cotidiano, possibilitando uma grande transforma\u00e7\u00e3o interior em sua vida.<\/p>\n","protected":false},"excerpt":{"rendered":"<ul>\n<li><strong class=\"space1\">Recording Year<\/strong>: 2020<\/li>\n<li><strong class=\"space1\">Classes nos.<\/strong>: 4 Classes<\/li>\n<li><strong class=\"space1\">Total Duration<\/strong>: 3 Hrs 55 min<\/li>\n<li><strong class=\"space1\">File Format<\/strong>: MP4 (incl. PDF Booklet)<\/li>\n<li><strong class=\"space1\">Download Size<\/strong>: 1.4 GB<\/li>\n<li><strong class=\"space1\">Language<\/strong>: Portuguese<\/li>\n<\/ul>\n","protected":false},"featured_media":3862,"template":"","meta":[],"product_brand":[],"product_cat":[41],"product_tag":[],"class_list":{"0":"post-4185","1":"product","2":"type-product","3":"status-publish","4":"has-post-thumbnail","6":"product_cat-uncategorized-pt-br","8":"first","9":"instock","10":"shipping-taxable","11":"purchasable","12":"product-type-simple"},"_links":{"self":[{"href":"https:\/\/atmavidya.in\/index.php?rest_route=\/wp\/v2\/product\/4185","targetHints":{"allow":["GET"]}}],"collection":[{"href":"https:\/\/atmavidya.in\/index.php?rest_route=\/wp\/v2\/product"}],"about":[{"href":"https:\/\/atmavidya.in\/index.php?rest_route=\/wp\/v2\/types\/product"}],"wp:featuredmedia":[{"embeddable":true,"href":"https:\/\/atmavidya.in\/index.php?rest_route=\/wp\/v2\/media\/3862"}],"wp:attachment":[{"href":"https:\/\/atmavidya.in\/index.php?rest_route=%2Fwp%2Fv2%2Fmedia&parent=4185"}],"wp:term":[{"taxonomy":"product_brand","embeddable":true,"href":"https:\/\/atmavidya.in\/index.php?rest_route=%2Fwp%2Fv2%2Fproduct_brand&post=4185"},{"taxonomy":"product_cat","embeddable":true,"href":"https:\/\/atmavidya.in\/index.php?rest_route=%2Fwp%2Fv2%2Fproduct_cat&post=4185"},{"taxonomy":"product_tag","embeddable":true,"href":"https:\/\/atmavidya.in\/index.php?rest_route=%2Fwp%2Fv2%2Fproduct_tag&post=4185"}],"curies":[{"name":"wp","href":"https:\/\/api.w.org\/{rel}","templated":true}]}}