{"id":4187,"date":"2022-04-21T18:44:29","date_gmt":"2022-04-21T18:44:29","guid":{"rendered":"http:\/\/atmavidya.org.in\/?post_type=product&#038;p=4187"},"modified":"2022-04-21T18:44:50","modified_gmt":"2022-04-21T18:44:50","slug":"sri-dak%e1%b9%a3i%e1%b9%87amurti-stotram-pt","status":"publish","type":"product","link":"https:\/\/atmavidya.in\/?product=sri-dak%e1%b9%a3i%e1%b9%87amurti-stotram-pt","title":{"rendered":"\u015ar\u012b Dak\u1e63i\u1e47\u0101m\u016brti Stotram"},"content":{"rendered":"<p>\u015ar\u012b Dak\u1e63i\u1e47\u0101m\u016brti Stotram \u2013 \u00c9 um dos hinos mais importantes atribu\u00eddos a \u0100di \u015aa\u1e45kar\u0101c\u0101rya, no qual ele exp\u00f5e o Advaita Vedanta. Dak\u1e63i\u1e47\u0101m\u016brti \u00e9 o Senhor \u015aiva na forma de primeiro professor de Vedanta. O estudo do Vedanta examina a natureza essencial utilizando-se da metodologia de ouvir, refletir e contemplar. A verdadeira natureza do ser humano e de qualquer outra forma de vida \u00e9 apontada como sendo a Imortalidade, a liberta\u00e7\u00e3o do ciclo do vir a ser.<\/p>\n","protected":false},"excerpt":{"rendered":"<ul>\n<li><strong class=\"space1\">Recording Year<\/strong>: 2021<\/li>\n<li><strong class=\"space1\">Classes nos.<\/strong>: 5 Classes<\/li>\n<li><strong class=\"space1\">Total Duration<\/strong>: 5 Hrs 15 min<\/li>\n<li><strong class=\"space1\">File Format<\/strong>: MP4 (incl. PDF Booklet)<\/li>\n<li><strong class=\"space1\">Download Size<\/strong>: 784 MB GB<\/li>\n<li><strong class=\"space1\">Language<\/strong>: Portuguese<\/li>\n<\/ul>\n","protected":false},"featured_media":3857,"template":"","meta":[],"product_brand":[],"product_cat":[41],"product_tag":[],"class_list":{"0":"post-4187","1":"product","2":"type-product","3":"status-publish","4":"has-post-thumbnail","6":"product_cat-uncategorized-pt-br","8":"first","9":"instock","10":"shipping-taxable","11":"purchasable","12":"product-type-simple"},"_links":{"self":[{"href":"https:\/\/atmavidya.in\/index.php?rest_route=\/wp\/v2\/product\/4187","targetHints":{"allow":["GET"]}}],"collection":[{"href":"https:\/\/atmavidya.in\/index.php?rest_route=\/wp\/v2\/product"}],"about":[{"href":"https:\/\/atmavidya.in\/index.php?rest_route=\/wp\/v2\/types\/product"}],"wp:featuredmedia":[{"embeddable":true,"href":"https:\/\/atmavidya.in\/index.php?rest_route=\/wp\/v2\/media\/3857"}],"wp:attachment":[{"href":"https:\/\/atmavidya.in\/index.php?rest_route=%2Fwp%2Fv2%2Fmedia&parent=4187"}],"wp:term":[{"taxonomy":"product_brand","embeddable":true,"href":"https:\/\/atmavidya.in\/index.php?rest_route=%2Fwp%2Fv2%2Fproduct_brand&post=4187"},{"taxonomy":"product_cat","embeddable":true,"href":"https:\/\/atmavidya.in\/index.php?rest_route=%2Fwp%2Fv2%2Fproduct_cat&post=4187"},{"taxonomy":"product_tag","embeddable":true,"href":"https:\/\/atmavidya.in\/index.php?rest_route=%2Fwp%2Fv2%2Fproduct_tag&post=4187"}],"curies":[{"name":"wp","href":"https:\/\/api.w.org\/{rel}","templated":true}]}}