{"id":4191,"date":"2022-04-21T18:57:43","date_gmt":"2022-04-21T18:57:43","guid":{"rendered":"http:\/\/atmavidya.org.in\/?post_type=product&#038;p=4191"},"modified":"2022-04-21T18:58:29","modified_gmt":"2022-04-21T18:58:29","slug":"sadhana-pancakam-pt","status":"publish","type":"product","link":"https:\/\/atmavidya.in\/?product=sadhana-pancakam-pt","title":{"rendered":"S\u0101dhana Pa\u00f1cakam"},"content":{"rendered":"<p>S\u0101dhana Pa\u00f1cakam \u2013 Consiste de cinco versos que abordam o tema S\u0101dhanam &#8211; o meio para mok\u1e63a, auto-conhecimento. Este estudo introduz gradualmente este importante t\u00f3pico do Vedanta. \u00c9 um texto bastante popular dentro desta tradi\u00e7\u00e3o, atribu\u00eddo ao mestre \u0100di \u015aa\u1e45kar\u0101c\u0101rya.<\/p>\n","protected":false},"excerpt":{"rendered":"<ul>\n<li><strong class=\"space1\">Recording Year<\/strong>: 2019<\/li>\n<li><strong class=\"space1\">Classes nos.<\/strong>: 5 Classes<\/li>\n<li><strong class=\"space1\">Total Duration<\/strong>: 4 Hrs 50 min<\/li>\n<li><strong class=\"space1\">File Format<\/strong>: MP4 (incl. PDF Booklet)<\/li>\n<li><strong class=\"space1\">Download Size<\/strong>: 784 MB GB<\/li>\n<li><strong class=\"space1\">Language<\/strong>: Portuguese<\/li>\n<\/ul>\n","protected":false},"featured_media":3863,"template":"","meta":[],"product_brand":[],"product_cat":[41],"product_tag":[],"class_list":{"0":"post-4191","1":"product","2":"type-product","3":"status-publish","4":"has-post-thumbnail","6":"product_cat-uncategorized-pt-br","8":"first","9":"instock","10":"shipping-taxable","11":"purchasable","12":"product-type-simple"},"_links":{"self":[{"href":"https:\/\/atmavidya.in\/index.php?rest_route=\/wp\/v2\/product\/4191","targetHints":{"allow":["GET"]}}],"collection":[{"href":"https:\/\/atmavidya.in\/index.php?rest_route=\/wp\/v2\/product"}],"about":[{"href":"https:\/\/atmavidya.in\/index.php?rest_route=\/wp\/v2\/types\/product"}],"wp:featuredmedia":[{"embeddable":true,"href":"https:\/\/atmavidya.in\/index.php?rest_route=\/wp\/v2\/media\/3863"}],"wp:attachment":[{"href":"https:\/\/atmavidya.in\/index.php?rest_route=%2Fwp%2Fv2%2Fmedia&parent=4191"}],"wp:term":[{"taxonomy":"product_brand","embeddable":true,"href":"https:\/\/atmavidya.in\/index.php?rest_route=%2Fwp%2Fv2%2Fproduct_brand&post=4191"},{"taxonomy":"product_cat","embeddable":true,"href":"https:\/\/atmavidya.in\/index.php?rest_route=%2Fwp%2Fv2%2Fproduct_cat&post=4191"},{"taxonomy":"product_tag","embeddable":true,"href":"https:\/\/atmavidya.in\/index.php?rest_route=%2Fwp%2Fv2%2Fproduct_tag&post=4191"}],"curies":[{"name":"wp","href":"https:\/\/api.w.org\/{rel}","templated":true}]}}