{"id":4192,"date":"2022-04-21T18:59:52","date_gmt":"2022-04-21T18:59:52","guid":{"rendered":"http:\/\/atmavidya.org.in\/?post_type=product&#038;p=4192"},"modified":"2022-04-21T19:04:46","modified_gmt":"2022-04-21T19:04:46","slug":"o-valor-dos-valores-pt","status":"publish","type":"product","link":"https:\/\/atmavidya.in\/?product=o-valor-dos-valores-pt","title":{"rendered":"O Valor dos Valores"},"content":{"rendered":"<p>O Valor dos Valores \u2013 Os vinte valores ensinados pelo Senhor K\u1e5b\u1e63\u1e47a a Arjuna na Bhagavadg\u012bt\u0101 s\u00e3o apresentados neste curso. Estes valores s\u00e3o essenciais para qualquer ser humano e cruciais para todo estudante de Vedanta. Trata-se de valores sem os quais o conhecimento do Ser \u00e9 imposs\u00edvel. A aplicabilidade dos valores na vida do indiv\u00edduo torna-se admiss\u00edvel apenas quando se reconhece sua import\u00e2ncia.<\/p>\n<p>A Bhagavadg\u012bt\u0101 \u00e9 um texto inserido dentro do grande \u00e9pico Mah\u0101bh\u0101rata. Nesse texto, o Senhor K\u1e5b\u1e63\u1e47a revela a ess\u00eancia de todo o conhecimento V\u00e9dico, o conhecimento da Realidade. Sua mensagem \u00e9 valiosa para toda a humanidade.<\/p>\n","protected":false},"excerpt":{"rendered":"<ul>\n<li><strong class=\"space1\">Recording Year<\/strong>: 2019<\/li>\n<li><strong class=\"space1\">Classes nos.<\/strong>: 8 Classes<\/li>\n<li><strong class=\"space1\">Total Duration<\/strong>: 7 Hrs 33 min<\/li>\n<li><strong class=\"space1\">File Format<\/strong>: MP4 (+ Booklet PDF)<\/li>\n<li><strong class=\"space1\">Download Size<\/strong>: 1.71 GB<\/li>\n<li><strong class=\"space1\">Language<\/strong>: Portuguese<\/li>\n<\/ul>\n","protected":false},"featured_media":3861,"template":"","meta":[],"product_brand":[],"product_cat":[41],"product_tag":[],"class_list":{"0":"post-4192","1":"product","2":"type-product","3":"status-publish","4":"has-post-thumbnail","6":"product_cat-uncategorized-pt-br","8":"first","9":"instock","10":"shipping-taxable","11":"purchasable","12":"product-type-simple"},"_links":{"self":[{"href":"https:\/\/atmavidya.in\/index.php?rest_route=\/wp\/v2\/product\/4192","targetHints":{"allow":["GET"]}}],"collection":[{"href":"https:\/\/atmavidya.in\/index.php?rest_route=\/wp\/v2\/product"}],"about":[{"href":"https:\/\/atmavidya.in\/index.php?rest_route=\/wp\/v2\/types\/product"}],"wp:featuredmedia":[{"embeddable":true,"href":"https:\/\/atmavidya.in\/index.php?rest_route=\/wp\/v2\/media\/3861"}],"wp:attachment":[{"href":"https:\/\/atmavidya.in\/index.php?rest_route=%2Fwp%2Fv2%2Fmedia&parent=4192"}],"wp:term":[{"taxonomy":"product_brand","embeddable":true,"href":"https:\/\/atmavidya.in\/index.php?rest_route=%2Fwp%2Fv2%2Fproduct_brand&post=4192"},{"taxonomy":"product_cat","embeddable":true,"href":"https:\/\/atmavidya.in\/index.php?rest_route=%2Fwp%2Fv2%2Fproduct_cat&post=4192"},{"taxonomy":"product_tag","embeddable":true,"href":"https:\/\/atmavidya.in\/index.php?rest_route=%2Fwp%2Fv2%2Fproduct_tag&post=4192"}],"curies":[{"name":"wp","href":"https:\/\/api.w.org\/{rel}","templated":true}]}}